{"id":83,"date":"2017-01-12T21:22:53","date_gmt":"2017-01-12T20:22:53","guid":{"rendered":"http:\/\/asso-annepierjean.fr\/?page_id=83"},"modified":"2021-04-04T22:19:28","modified_gmt":"2021-04-04T20:19:28","slug":"plan-du-site","status":"publish","type":"page","link":"https:\/\/asso-annepierjean.fr\/?page_id=83","title":{"rendered":"Plan du site"},"content":{"rendered":"<p><strong>ACCUEIL<\/strong><\/p>\n<ul>\n<li>Accueil<\/li>\n<li>Anne Pierjean<\/li>\n<li>Portrait<\/li>\n<li>Bibliographie<\/li>\n<li>L&rsquo;auteur pour enfants<\/li>\n<li>L&rsquo;\u00e9pistoli\u00e8re<\/li>\n<li>La ferveur d&rsquo;\u00e9crire<\/li>\n<li>Le go\u00fbt d&rsquo;\u00eatre<\/li>\n<\/ul>\n<p><strong>Lat\u00e9ral Gauche<\/strong><\/p>\n<ul>\n<li>L&rsquo;association APJ<\/li>\n<li>Calendrier<\/li>\n<li>Editos<\/li>\n<li>Facebook<\/li>\n<li>Contacts<\/li>\n<li>Liens<\/li>\n<li>Mentions l\u00e9gales<\/li>\n<\/ul>\n<p><strong>Lat\u00e9ral droit<\/strong><\/p>\n<ul>\n<li>Accueil<\/li>\n<li>Battements d&rsquo;elle<\/li>\n<li>Ecrits autour de son oeuvre<\/li>\n<li>Je me souviens<\/li>\n<li>L&rsquo;institutrice<\/li>\n<li>Le JARDIN, les MOTS, la MAISON<\/li>\n<li>Une enfance cont\u00e9e<\/li>\n<li>Une enfant et un village\n<ul>\n<li>ANNE des COLLINES<\/li>\n<li>La BASTELLE<\/li>\n<\/ul>\n<\/li>\n<\/ul>\n<h4><\/h4>\n","protected":false},"excerpt":{"rendered":"<p>ACCUEIL Accueil Anne Pierjean Portrait Bibliographie L&rsquo;auteur pour enfants L&rsquo;\u00e9pistoli\u00e8re La ferveur d&rsquo;\u00e9crire Le go\u00fbt d&rsquo;\u00eatre Lat\u00e9ral Gauche L&rsquo;association APJ Calendrier Editos Facebook Contacts Liens Mentions l\u00e9gales Lat\u00e9ral droit Accueil Battements d&rsquo;elle Ecrits autour de son oeuvre Je me souviens L&rsquo;institutrice Le JARDIN, les MOTS, la MAISON Une enfance cont\u00e9e Une enfant et un village &hellip; <a href=\"https:\/\/asso-annepierjean.fr\/?page_id=83\" class=\"more-link\">Continuer la lecture de <span class=\"screen-reader-text\">Plan du site<\/span>  <span class=\"meta-nav\">&rarr;<\/span><\/a><\/p>\n","protected":false},"author":1,"featured_media":0,"parent":0,"menu_order":0,"comment_status":"closed","ping_status":"closed","template":"","meta":{"footnotes":""},"_links":{"self":[{"href":"https:\/\/asso-annepierjean.fr\/index.php?rest_route=\/wp\/v2\/pages\/83"}],"collection":[{"href":"https:\/\/asso-annepierjean.fr\/index.php?rest_route=\/wp\/v2\/pages"}],"about":[{"href":"https:\/\/asso-annepierjean.fr\/index.php?rest_route=\/wp\/v2\/types\/page"}],"author":[{"embeddable":true,"href":"https:\/\/asso-annepierjean.fr\/index.php?rest_route=\/wp\/v2\/users\/1"}],"replies":[{"embeddable":true,"href":"https:\/\/asso-annepierjean.fr\/index.php?rest_route=%2Fwp%2Fv2%2Fcomments&post=83"}],"version-history":[{"count":12,"href":"https:\/\/asso-annepierjean.fr\/index.php?rest_route=\/wp\/v2\/pages\/83\/revisions"}],"predecessor-version":[{"id":2384,"href":"https:\/\/asso-annepierjean.fr\/index.php?rest_route=\/wp\/v2\/pages\/83\/revisions\/2384"}],"wp:attachment":[{"href":"https:\/\/asso-annepierjean.fr\/index.php?rest_route=%2Fwp%2Fv2%2Fmedia&parent=83"}],"curies":[{"name":"wp","href":"https:\/\/api.w.org\/{rel}","templated":true}]}}