{"id":621,"date":"2017-03-15T16:20:30","date_gmt":"2017-03-15T15:20:30","guid":{"rendered":"http:\/\/asso-annepierjean.fr\/?page_id=621"},"modified":"2021-03-16T09:43:34","modified_gmt":"2021-03-16T08:43:34","slug":"calendrier","status":"publish","type":"page","link":"https:\/\/asso-annepierjean.fr\/?page_id=621","title":{"rendered":"CALENDRIER"},"content":{"rendered":"<h1>\u00a0 \u00a0 \u00a0 \u00a0 \u00a0 \u00a0 \u00a0 \u00a0 \u00a0 \u00a0 \u00a0 \u00a0 \u00a0 \u00a0 \u00a0 \u00a0 \u00a0 \u00a0 \u00a0 \u00a0 \u00a0 \u00a0<span style=\"color: #99cc00;\">\u00a0 \u00a0 2020<\/span><\/h1>\n<p>&nbsp;<\/p>\n<h5><strong style=\"color: #99cc00;\"><span style=\"color: #808080;\">je laisse en archives le calendrier 2019&#8230; jalons du temps pass\u00e9 !<\/span><\/strong><\/h5>\n<h5><span style=\"color: #3366ff;\">2020 commencera par une lecture \u00e0 l&rsquo;\u00e9cole Anne Pierjean \u00e0 Crest, soir\u00e9e du <strong>17 janvier<\/strong>, dans le cadre des nuits de la lecture<\/span><\/h5>\n<h5><span style=\"color: #3366ff;\"><strong>Le 7 F\u00e9vrier<\/strong> : d\u00e9but de la participation de l&rsquo;association au projet p\u00e9dagogique \u00e0 l&rsquo;\u00e9cole d&rsquo;Eurre, autour de l&rsquo;oeuvre d&rsquo;Anne Pierjean, qui y fut institutrice ! le projet se d\u00e9roulera en 7 ou 8 matin\u00e9es d&rsquo;animations, une matin\u00e9e par semaine . Au programme: des lectures orales propos\u00e9es aux enfants, des ateliers d&rsquo;\u00e9criture et de lecture, des moments de partage de questions-r\u00e9ponses autour de l&rsquo;auteur et des auteurs jeunesse, la proposition de l&rsquo;\u00e9criture d&rsquo;une histoire ensemble, l&rsquo;animation d&rsquo;un journal des rencontres, \u00e9crit par les enfants, semaine apr\u00e8s semaine.<\/span><\/h5>\n<h5><span style=\"color: #3366ff;\"><strong>le samedi 8 f\u00e9vrier,<\/strong> \u00e0 partir de 14 H 30 : Assembl\u00e9e G\u00e9n\u00e9rale de l&rsquo;association: bilan de l&rsquo;ann\u00e9e, \u00e9lection du Bureau, projets et poursuite des \u00e9changes autour du verre de l&rsquo;amiti\u00e9 et de quelque mets ! RDV \u00e0 La Bastelle, 47 Avenue Agirond, Crest<\/span><\/h5>\n<h5><span style=\"color: #3366ff;\"><strong>la pr\u00e9paration de lectures continue<\/strong> : pr\u00e9paration d&rsquo;un floril\u00e8ge de textes d&rsquo;Anne Pierjean, po\u00e9tiques, pour adultes : essentiellement tir\u00e9s d&rsquo;in\u00e9dits, \u00a0notes, lettres ou bloc-note, laiss\u00e9s par Anne Pierjean et archiv\u00e9s durant l&rsquo;ann\u00e9e \u00e9coul\u00e9e.<br \/>\nrestera \u00e0 d\u00e9terminer o\u00f9 et quand cette lecture pourra \u00eatre propos\u00e9e publiquement.<\/span><\/h5>\n<h5><span style=\"color: #3366ff;\">Lors de l&rsquo;AG nous discuterons peut-\u00eatre d&rsquo;une reprise de lecture dans un jardin, au printemps&#8230;<\/span><\/h5>\n<h5><span style=\"color: #3366ff;\"><strong>Au printemps \u00e9galement<\/strong>, \u00e0 une date encore ind\u00e9termin\u00e9e : participation \u00e0 la \u00a0restitution publique du projet p\u00e9dagogique men\u00e9 \u00e0 Eurre, sous forme d&rsquo;un spectacle propos\u00e9 aux parents d&rsquo;\u00e9l\u00e8ves par les enfants ayant particip\u00e9 au projet.<\/span><\/h5>\n<h5><span style=\"color: #3366ff;\"><strong>En septembre<\/strong>: \u00a0participation de l&rsquo;association au Forum des associations<\/span><\/h5>\n<h5><span style=\"color: #3366ff;\">programme non exhaustif !\u00a0<\/span><\/h5>\n<h5><\/h5>\n<p>&nbsp;<\/p>\n<h2 style=\"text-align: center;\"><span style=\"color: #ff0000;\">2019<\/span><\/h2>\n<h5><span style=\"color: #0000ff;\">Avec un peu de retard, une premi\u00e8re esquisse du calendrier 2019, m\u00eame si certaines dates sont encore assez floues, cette ann\u00e9e sera encore bien occup\u00e9e.<\/span><\/h5>\n<p><span style=\"color: #00ccff;\">J&rsquo;ajoute, en bleu clair, quelques corrections apport\u00e9es (en septembre)\u00a0<\/span><\/p>\n<h5><span style=\"color: #0000ff;\">Un nouveau\u00a0 texte in\u00e9dit de Anne pierjean : <span style=\"color: #ff0000;\">la Bastelle<\/span> est en ligne sur ce site.<br \/>\n<span style=\"color: #00ccff;\">Et va \u00eatre suivi de \u00ab\u00a0une enfance cont\u00e9e\u00a0\u00bb<\/span><\/span><\/h5>\n<h5><span style=\"color: #0000ff;\"><strong>Un projet de lecture\u00a0<\/strong><\/span><strong style=\"color: #0000ff;\">au restaurant<span style=\"color: #ff0000;\">\u00a0le kesaco\u00a0<span style=\"color: #0000ff;\">\u00e0 Crest,<\/span><\/span><\/strong><strong style=\"color: #0000ff;\">\u00a0suivie d&rsquo;un repas pour ceux qui le souhaiteront, <span style=\"color: #ff0000;\"><span style=\"color: #0000ff;\">\u00a0tr\u00e8s prochainement : <span style=\"color: #00ccff;\">le projet prend du temps \u00e0 se programmer mais demeure !<\/span><\/span><\/span><\/strong><\/h5>\n<h5><span style=\"color: #0000ff;\">Le <span style=\"color: #ff0000;\">film<\/span> tourn\u00e9 \u00e0 <span style=\"color: #ff0000;\">Saint-Avit<\/span> y sera pr\u00e9sent\u00e9 au printemps : <span style=\"color: #00ccff;\">les photos de l&rsquo;\u00e9v\u00e8nement sont sur la page St Avit<\/span><\/span><\/h5>\n<h5><span style=\"color: #0000ff;\"><strong>une lecture \u00e0 <span style=\"color: #ff0000;\">Eurre<\/span> est aussi en projet pour mai-juin, <span style=\"color: #00ccff;\">report\u00e9 \u00e0 la rentr\u00e9e , prend la forme d&rsquo;une participation \u00e0 un projet p\u00e9dagogique entre biblioth\u00e9que et \u00e9cole: l&rsquo;association interviendra durant 7 s\u00e9ances d&rsquo;1H30\u00a0<\/span><\/strong><\/span><\/h5>\n<h5><span style=\"color: #0000ff;\">Le <span style=\"color: #ff0000;\">samedi 28 septembre<\/span>, date est retenue pour un \u00e9v\u00e8nement \u00e0 Saint-Avit (marche, pique-nique, lectures) dans les lieux d&rsquo;enfance de Anne Pierjean est programm\u00e9 : <span style=\"color: #00ccff;\">annul\u00e9e (\u00ab\u00a0pour des raisons ind\u00e9pendantes de notre volont\u00e9\u00a0\u00bb comme on dit !) cette rencontre sera reprogramm\u00e9e<\/span><\/span><\/h5>\n<h5 style=\"text-align: center;\">\u00a0\u00a0\u00a0\u00a0\u00a0\u00a0\u00a0\u00a0\u00a0\u00a0\u00a0<span style=\"color: #ff0000;\"> *\u00a0\u00a0 *\u00a0\u00a0 *\u00a0\u00a0 *\u00a0\u00a0 *\u00a0 *\u00a0\u00a0 *\u00a0\u00a0 *\u00a0\u00a0 *\u00a0\u00a0 <\/span><\/h5>\n<h5><span style=\"color: #ff6600;\"><strong>. \u00ab\u00a0dans tous les cas, j\u2019esp\u00e8re que les moissons transmises sauront DIRE<\/strong><strong>\u2026.\u00a0\u00bb<\/strong><\/span><\/h5>\n<h3 style=\"text-align: center;\"><span style=\"color: #ff6600;\">\u00a0<\/span><\/h3>\n","protected":false},"excerpt":{"rendered":"<p>\u00a0 \u00a0 \u00a0 \u00a0 \u00a0 \u00a0 \u00a0 \u00a0 \u00a0 \u00a0 \u00a0 \u00a0 \u00a0 \u00a0 \u00a0 \u00a0 \u00a0 \u00a0 \u00a0 \u00a0 \u00a0 \u00a0\u00a0 \u00a0 2020 &nbsp; je laisse en archives le calendrier 2019&#8230; jalons du temps pass\u00e9 ! 2020 commencera par une lecture \u00e0 l&rsquo;\u00e9cole Anne Pierjean \u00e0 Crest, soir\u00e9e du 17 janvier, dans le cadre &hellip; <a href=\"https:\/\/asso-annepierjean.fr\/?page_id=621\" class=\"more-link\">Continuer la lecture de <span class=\"screen-reader-text\">CALENDRIER<\/span>  <span class=\"meta-nav\">&rarr;<\/span><\/a><\/p>\n","protected":false},"author":1,"featured_media":0,"parent":0,"menu_order":0,"comment_status":"closed","ping_status":"closed","template":"","meta":{"footnotes":""},"_links":{"self":[{"href":"https:\/\/asso-annepierjean.fr\/index.php?rest_route=\/wp\/v2\/pages\/621"}],"collection":[{"href":"https:\/\/asso-annepierjean.fr\/index.php?rest_route=\/wp\/v2\/pages"}],"about":[{"href":"https:\/\/asso-annepierjean.fr\/index.php?rest_route=\/wp\/v2\/types\/page"}],"author":[{"embeddable":true,"href":"https:\/\/asso-annepierjean.fr\/index.php?rest_route=\/wp\/v2\/users\/1"}],"replies":[{"embeddable":true,"href":"https:\/\/asso-annepierjean.fr\/index.php?rest_route=%2Fwp%2Fv2%2Fcomments&post=621"}],"version-history":[{"count":37,"href":"https:\/\/asso-annepierjean.fr\/index.php?rest_route=\/wp\/v2\/pages\/621\/revisions"}],"predecessor-version":[{"id":2319,"href":"https:\/\/asso-annepierjean.fr\/index.php?rest_route=\/wp\/v2\/pages\/621\/revisions\/2319"}],"wp:attachment":[{"href":"https:\/\/asso-annepierjean.fr\/index.php?rest_route=%2Fwp%2Fv2%2Fmedia&parent=621"}],"curies":[{"name":"wp","href":"https:\/\/api.w.org\/{rel}","templated":true}]}}