{"id":53,"date":"2017-01-12T20:42:25","date_gmt":"2017-01-12T19:42:25","guid":{"rendered":"http:\/\/asso-annepierjean.fr\/?page_id=53"},"modified":"2021-03-19T18:34:17","modified_gmt":"2021-03-19T17:34:17","slug":"lassociation-apj","status":"publish","type":"page","link":"https:\/\/asso-annepierjean.fr\/?page_id=53","title":{"rendered":"L&rsquo;ASSOCIATION &#8211;  APJ"},"content":{"rendered":"<p><span style=\"color: #0000ff;\">Cette association\u00a0\u00a0a \u00a0pour objet de faire vivre <strong>l\u2019\u00e9criture d\u2019Anne Pierjean<\/strong>, de la faire conna\u00eetre et valoriser, de continuer \u00e0 la diffuser \u00e0 travers la publication de manuscrits in\u00e9dits et la r\u00e9-\u00e9dition de certains de ses livres\u2026 comme de soutenir toute action ou expression artistique autour de cette \u00e9criture.<\/span><\/p>\n<p><span style=\"color: #0000ff;\">Anne Pierjean \u00e9tait de St Avit et de Crest. Son oeuvre a mis en sc\u00e8ne des personnages et des lieux d\u2019ici, tr\u00e8s enracin\u00e9s dans la vie en Dr\u00f4me des Collines, en Vercors et en Dauphin\u00e9. Mais son \u00e9criture va bien au-del\u00e0 du t\u00e9moignage et de la description de la vie dans nos villages ou d\u2019une \u00e9poque.<\/span><\/p>\n<p><span style=\"color: #0000ff;\"><strong>L\u2019association souhaite continuer \u00e0 lui faire \u00e9cho<\/strong><\/span><\/p>\n<p><span style=\"color: #0000ff;\"><strong>Le bureau<\/strong>:<\/span><\/p>\n<ul>\n<li><span style=\"color: #0000ff;\">Anne GRANGEON, pr\u00e9sidente<\/span><\/li>\n<li><span style=\"color: #0000ff;\">Jean-Pierre TOURATON, tr\u00e9sorier<\/span><\/li>\n<li><span style=\"color: #0000ff;\">H\u00e9l\u00e8ne LEGAY, secr\u00e9taire<\/span><\/li>\n<\/ul>\n<p><span style=\"color: #0000ff;\"><strong>Le conseil d&rsquo;administration<\/strong><\/span><\/p>\n<p><span style=\"color: #0000ff;\">Anne GRANGEON,\u00a0 \u00a0Jean-Pierre TOURATON<br \/>\nH\u00e9l\u00e8ne LEGAY, Claudine Delaine<\/span><\/p>\n<p><span style=\"color: #0000ff;\"><strong>L&rsquo;Ass<span style=\"color: #0000ff;\">ocia<\/span>tion Anne Pierjean, les mots et le jardin<\/strong><\/span><br \/>\n<span style=\"color: #0000ff;\"> chez Anne GRANGEON<\/span><br \/>\n<span style=\"color: #0000ff;\"> 47 avenue Agirond<\/span><br \/>\n<span style=\"color: #0000ff;\"> 26400 &#8211; CREST<\/span><br \/>\n<span style=\"color: #ff00ff;\"> annegrangeon@asso-annepierjean.fr<br \/>\n<\/span><br \/>\n<a href=\"https:\/\/asso-annepierjean.fr\/wp-content\/uploads\/2021\/03\/STATUTS-APJ.pdf\" target=\"_blank\" rel=\"noopener\"><input type=\"button\" value=\"les Statuts\" \/> \u00a0 \u00a0 <\/a><a href=\"https:\/\/asso-annepierjean.fr\/wp-content\/uploads\/2021\/03\/Reglement-Interieur-APJ.pdf\" target=\"_blank\" rel=\"noopener\"><input type=\"button\" value=\"Le R\u00e8glement Int\u00e9rieur\" \/><\/a><\/p>\n<p><span style=\"color: #0000ff;\">Les inscriptions sont ouvertes !<\/span><\/p>\n<p><a href=\"https:\/\/asso-annepierjean.fr\/?page_id=506\" target=\"_blank\" rel=\"noopener\"><input type=\"button\" value=\"Inscriptions\" \/><\/a><\/p>\n<p>&nbsp;<\/p>\n<p>&nbsp;<\/p>\n","protected":false},"excerpt":{"rendered":"<p>Cette association\u00a0\u00a0a \u00a0pour objet de faire vivre l\u2019\u00e9criture d\u2019Anne Pierjean, de la faire conna\u00eetre et valoriser, de continuer \u00e0 la diffuser \u00e0 travers la publication de manuscrits in\u00e9dits et la r\u00e9-\u00e9dition de certains de ses livres\u2026 comme de soutenir toute action ou expression artistique autour de cette \u00e9criture. Anne Pierjean \u00e9tait de St Avit et &hellip; <a href=\"https:\/\/asso-annepierjean.fr\/?page_id=53\" class=\"more-link\">Continuer la lecture de <span class=\"screen-reader-text\">L&rsquo;ASSOCIATION &#8211;  APJ<\/span>  <span class=\"meta-nav\">&rarr;<\/span><\/a><\/p>\n","protected":false},"author":1,"featured_media":0,"parent":0,"menu_order":0,"comment_status":"closed","ping_status":"closed","template":"","meta":{"footnotes":""},"_links":{"self":[{"href":"https:\/\/asso-annepierjean.fr\/index.php?rest_route=\/wp\/v2\/pages\/53"}],"collection":[{"href":"https:\/\/asso-annepierjean.fr\/index.php?rest_route=\/wp\/v2\/pages"}],"about":[{"href":"https:\/\/asso-annepierjean.fr\/index.php?rest_route=\/wp\/v2\/types\/page"}],"author":[{"embeddable":true,"href":"https:\/\/asso-annepierjean.fr\/index.php?rest_route=\/wp\/v2\/users\/1"}],"replies":[{"embeddable":true,"href":"https:\/\/asso-annepierjean.fr\/index.php?rest_route=%2Fwp%2Fv2%2Fcomments&post=53"}],"version-history":[{"count":39,"href":"https:\/\/asso-annepierjean.fr\/index.php?rest_route=\/wp\/v2\/pages\/53\/revisions"}],"predecessor-version":[{"id":2334,"href":"https:\/\/asso-annepierjean.fr\/index.php?rest_route=\/wp\/v2\/pages\/53\/revisions\/2334"}],"wp:attachment":[{"href":"https:\/\/asso-annepierjean.fr\/index.php?rest_route=%2Fwp%2Fv2%2Fmedia&parent=53"}],"curies":[{"name":"wp","href":"https:\/\/api.w.org\/{rel}","templated":true}]}}