{"id":421,"date":"2017-02-15T18:15:58","date_gmt":"2017-02-15T17:15:58","guid":{"rendered":"http:\/\/asso-annepierjean.fr\/?page_id=421"},"modified":"2017-05-16T21:52:39","modified_gmt":"2017-05-16T19:52:39","slug":"linstitutrice","status":"publish","type":"page","link":"https:\/\/asso-annepierjean.fr\/?page_id=421","title":{"rendered":"L&rsquo;INSTITUTRICE"},"content":{"rendered":"<h6><span class=\"Apple-style-span\" style=\"color: #800000;\"><span style=\"color: #000000;\"><span style=\"color: #ff00ff;\">Marie-Louise Grangeon,\u00a0avant d&rsquo;\u00eatre Anne Pierjean, \u00a0a \u00e9crit, en tant qu&rsquo;institutrice, et publi\u00e9 des articles dans des revues sp\u00e9cialis\u00e9es<\/span>.<\/span><\/span><\/h6>\n<h5><span style=\"color: #993300;\">Voici quelques textes\u00a0 publi\u00e9s dans<\/span><br \/>\n<span style=\"color: #993300;\"> \u00ab\u00a0La Tribune de l&rsquo;enfance\u00a0\u00bb\u00a0\u00a0\u00a0 dans les ann\u00e9es 60<\/span><\/h5>\n<p style=\"text-align: center;\"><a href=\"https:\/\/asso-annepierjean.fr\/?easy-photo-album=ma-premiere-classe\" target=\"_blank\" rel=\"noopener noreferrer\">\u00a0\u00a0&#8211; \u00a0Ma premi\u00e8re classe<\/a><br \/>\n<a href=\"https:\/\/asso-annepierjean.fr\/?easy-photo-album=des-rentrees\" target=\"_blank\" rel=\"noopener noreferrer\">&#8211; Des rentr\u00e9es<\/a><br \/>\n<a href=\"https:\/\/asso-annepierjean.fr\/?easy-photo-album=de-mon-livre-de-bord\" target=\"_blank\" rel=\"noopener noreferrer\">&#8211; De mon livre de bord<\/a><br \/>\n<a href=\"https:\/\/asso-annepierjean.fr\/?easy-photo-album=le-chaton-qui-voulait-de-lherbe\" target=\"_blank\" rel=\"noopener noreferrer\">&#8211; Le chaton qui voulait de l&rsquo;herbe<\/a><br \/>\n<a href=\"https:\/\/asso-annepierjean.fr\/?easy-photo-album=lenfant-et-le-chant\" target=\"_blank\" rel=\"noopener noreferrer\">&#8211; L&rsquo;enfant et le chant<\/a><\/p>\n<h5><span style=\"color: #800000;\"><strong>Maintenant,\u00a0nous faisons appel \u00e0 vos archives<\/strong> :<\/span><\/h5>\n<p><span style=\"color: #800000;\"><span style=\"color: #0000ff;\">Nous serions ravis de pouvoir mettre en ligne dans cette page les photos de classe de celles et ceux qui ont eu Mlle Marie-Louise Robert \u00a0(son nom de jeune fille) puis Mme M-L Grangeon comme \u00ab\u00a0Ma\u00eetresse\u00a0\u00bb&#8230; Peut-\u00eatre aussi des photos de F\u00eates des Ecoles<\/span> !<\/span><\/p>\n<p><span style=\"color: #800000;\">Merci si vous pouviez nous les confier le temps de les scanner<br \/>\n<\/span><span style=\"color: #800000;\">les adresser \u00e0 <span style=\"color: #0000ff;\">Anne Grangeon<\/span> :<br \/>\n<\/span><span style=\"color: #800000;\">par courrier : <span style=\"color: #0000ff;\">47 \u00a0Avenue Agirond ,\u00a0 26400, \u00a0Crest\u00a0<\/span><br \/>\n<\/span><span style=\"color: #800000;\">ou par mail : <\/span><span style=\"color: #0000ff;\"><span style=\"text-decoration: underline;\">annegrangeon@asso-annepierjean.fr<\/span><br \/>\n<\/span><\/p>\n<p><span style=\"color: #ff9900;\"><em>Rencontres = voir page suivante<\/em><\/span><\/p>\n<p><!--nextpage--><\/p>\n<h2><span style=\"font-family: 'Goudy Old Style','serif';\"><span style=\"color: #000000;\"><span style=\"text-decoration: underline;\"><a href=\"https:\/\/asso-annepierjean.fr\/?easy-photo-album=confidences-dinstit\" target=\"_blank\" rel=\"noopener noreferrer\">Confidences d\u2019instit<\/a><\/span>, <span style=\"color: #ff00ff;\">de Anne Pierjean, en \u00ab\u00a0\u00e9criture spontan\u00e9e\u00a0\u00bb, en \u00e9criture orale , dite en vrac<\/span><\/span><\/span><\/h2>\n<h4><span style=\"color: #800000;\"><span style=\"color: #0000ff;\">\u00a0* <\/span><\/span>&#8211; * &#8211;\u00a0 *\u00a0 &#8211; * &#8211; * &#8211; * &#8211; * &#8211; * &#8211; * &#8211; * &#8211; * &#8211; * &#8211; * &#8211; * &#8211; * &#8211; * &#8211; *<\/h4>\n<p><span style=\"color: #ff00ff;\">T\u00e9moignage d&rsquo;une ancienne \u00e9l\u00e8ve<\/span>:<\/p>\n<p><span style=\"color: #0000ff;\"><strong>PREMIERE MAITRESSE<\/strong><\/span><\/p>\n<div>\n<p><span style=\"color: #0000ff;\">Je me souviens de ma premi\u00e8re ma\u00eetresse d\u2019\u00e9cole. Je me souviens de sa douceur, de son sourire. Je me souviens qu\u2019elle m\u2019a fait aimer lire, \u00e9crire et apprendre. Lire tous les livres qui me tombaient sous les yeux, m\u00eame ceux qui n\u2019\u00e9taient pas pour moi, \u00e9crire des po\u00e8mes que j\u2019offrais ou cachais pr\u00e9cieusement, apprendre avec avidit\u00e9, essayer de comprendre le monde\u00a0: D\u2019o\u00f9 viennent les hommes\u00a0? Est-ce-que Dieu existe\u00a0? Pourquoi des races diff\u00e9rentes\u00a0? Enfin, toutes ces questions qui m\u2019angoissaient\u2026 Quand on me demandait\u00a0: \u00ab\u00a0Que veux-tu faire plus tard\u00a0?\u00a0\u00bb, je r\u00e9pondais avec assurance\u00a0: \u00ab\u00a0Ma\u00eetresse\u00a0\u00bb. La vie en a d\u00e9cid\u00e9 autrement mais je garde au fond de mon c\u0153ur le souvenir de cette merveilleuse dame et lui dit merci. Elle s\u2019en est all\u00e9e voil\u00e0 peu de temps, elle s\u2019appelait Anne Pierjean.<\/span><\/p>\n<p><span style=\"color: #0000ff;\"><span class=\"Apple-style-span\">Gislhaine,\u00a0<\/span><span class=\"Apple-style-span\">Mars 2007<\/span><\/span><\/p>\n<p><span class=\"Apple-style-span\" style=\"color: #0000ff;\">In Atelier SLAM \u00e0 Crest\u00a0: \u00e9crire un souvenir. Dur\u00e9e\u00a0: 20 mn.<\/span><\/p>\n<p><span style=\"color: #800000;\">\u00a0<\/span><\/p>\n<\/div>\n<p>ttpttp<\/p>\n","protected":false},"excerpt":{"rendered":"<p>Marie-Louise Grangeon,\u00a0avant d&rsquo;\u00eatre Anne Pierjean, \u00a0a \u00e9crit, en tant qu&rsquo;institutrice, et publi\u00e9 des articles dans des revues sp\u00e9cialis\u00e9es. Voici quelques textes\u00a0 publi\u00e9s dans \u00ab\u00a0La Tribune de l&rsquo;enfance\u00a0\u00bb\u00a0\u00a0\u00a0 dans les ann\u00e9es 60 \u00a0\u00a0&#8211; \u00a0Ma premi\u00e8re classe &#8211; Des rentr\u00e9es &#8211; De mon livre de bord &#8211; Le chaton qui voulait de l&rsquo;herbe &#8211; L&rsquo;enfant et le &hellip; <a href=\"https:\/\/asso-annepierjean.fr\/?page_id=421\" class=\"more-link\">Continuer la lecture de <span class=\"screen-reader-text\">L&rsquo;INSTITUTRICE<\/span>  <span class=\"meta-nav\">&rarr;<\/span><\/a><\/p>\n","protected":false},"author":3,"featured_media":0,"parent":0,"menu_order":0,"comment_status":"closed","ping_status":"closed","template":"","meta":{"footnotes":""},"_links":{"self":[{"href":"https:\/\/asso-annepierjean.fr\/index.php?rest_route=\/wp\/v2\/pages\/421"}],"collection":[{"href":"https:\/\/asso-annepierjean.fr\/index.php?rest_route=\/wp\/v2\/pages"}],"about":[{"href":"https:\/\/asso-annepierjean.fr\/index.php?rest_route=\/wp\/v2\/types\/page"}],"author":[{"embeddable":true,"href":"https:\/\/asso-annepierjean.fr\/index.php?rest_route=\/wp\/v2\/users\/3"}],"replies":[{"embeddable":true,"href":"https:\/\/asso-annepierjean.fr\/index.php?rest_route=%2Fwp%2Fv2%2Fcomments&post=421"}],"version-history":[{"count":61,"href":"https:\/\/asso-annepierjean.fr\/index.php?rest_route=\/wp\/v2\/pages\/421\/revisions"}],"predecessor-version":[{"id":1132,"href":"https:\/\/asso-annepierjean.fr\/index.php?rest_route=\/wp\/v2\/pages\/421\/revisions\/1132"}],"wp:attachment":[{"href":"https:\/\/asso-annepierjean.fr\/index.php?rest_route=%2Fwp%2Fv2%2Fmedia&parent=421"}],"curies":[{"name":"wp","href":"https:\/\/api.w.org\/{rel}","templated":true}]}}