{"id":206,"date":"2017-01-16T17:12:02","date_gmt":"2017-01-16T16:12:02","guid":{"rendered":"http:\/\/asso-annepierjean.fr\/?page_id=206"},"modified":"2023-01-02T10:11:59","modified_gmt":"2023-01-02T09:11:59","slug":"je-me-souviens","status":"publish","type":"page","link":"https:\/\/asso-annepierjean.fr\/?page_id=206","title":{"rendered":"JE ME SOUVIENS &#8230;."},"content":{"rendered":"<p><span style=\"color: #800080;\">Ici, j&rsquo;aimerais faire appel \u00e0 tous les souvenirs qui pourraient s&rsquo;\u00e9crire et se croiser :<\/span><\/p>\n<p><span style=\"color: #800080;\">tout ce que vous avez \u00e0 partager \u00e0 propos d&rsquo;Anne Pierjean nous int\u00e9resse et peut nous enrichir de souvenirs m\u00eal\u00e9s :<\/span><\/p>\n<p><span style=\"color: #800080;\">Votre \u00a0premi\u00e8re lecture d&rsquo;elle, \u00a0et les suivantes !!, vos souvenirs de rencontres, de discussions, d&rsquo;\u00e9changes de correspondance&#8230; et tout aussi bien \u00a0des anecdoctes de vie partag\u00e9s avec elle&#8230;<\/span><\/p>\n<p><span style=\"color: #800080;\">Je suis s\u00fbre que tout ce que vous pourrez nous confier fera le bonheur d&rsquo;autres lecteurs ou compagnons de route.<\/span><\/p>\n<p><span style=\"color: #800080;\">Personnellement, j&rsquo;ai eu beaucoup d&rsquo;\u00e9motion, d\u00e9j\u00e0, \u00a0\u00e0 d\u00e9couvrir et rencontrer des personnes avec qui elle a longuement correspondu ou \u00e9chang\u00e9.<\/span><\/p>\n<p><span style=\"color: #800080;\">Anne G<\/span><\/p>\n<p><span style=\"color: #0000ff;\"> \u00a0 \u00a0 \u00a0 \u00a0 \u00a0 \u00a0 \u00a0 \u00a0 \u00a0 \u00a0 \u00a0 \u00a0 \u00a0 \u00a0 \u00a0 \u00a0 \u00a0 \u00a0 \u00a0 \u00a0 \u00a0 \u00a0 \u00a0 \u00a0* \u00a0 \u00a0 * \u00a0 \u00a0 * \u00a0 \u00a0 \u00a0 * \u00a0 \u00a0* \u00a0 \u00a0 \u00a0 * \u00a0 \u00a0 \u00a0* \u00a0 \u00a0 \u00a0* \u00a0 \u00a0 \u00a0*<\/span><\/p>\n<h2><span style=\"font-family: 'Goudy Old Style','serif';\"><span style=\"color: #000000;\"><span style=\"color: #ff00ff;\">Souvenirs d&rsquo;\u00a0Alain NESME<\/span>:<span style=\"text-decoration: underline;\"><br \/>\n<\/span><\/span><\/span><span style=\"font-family: 'Goudy Old Style','serif';\"><span style=\"color: #000000;\"> sa <span style=\"text-decoration: underline;\"><a href=\"https:\/\/asso-annepierjean.fr\/?easy-photo-album=rencontre-avec-anne-pierjean\" target=\"_blank\" rel=\"noopener noreferrer\">rencontre avec Anne PIERJEAN<\/a><\/span>.<\/span><\/span><\/h2>\n<p>&nbsp;<\/p>\n<h3><span style=\"color: #ff00ff;\">Souvenirs de Catherine<\/span><\/h3>\n<div>\n<p class=\"Standard\"><span style=\"color: #0000ff;\">En septembre 2022, j&rsquo;ai eu le plaisir de me rendre \u00e0 Crest, avec Christian, mon mari, \u00e0 l&rsquo;invitation d&rsquo;Anne Grangeon. Nous avons pass\u00e9 un formidable apr\u00e8s-midi en sa compagnie.<\/span><\/p>\n<p><span style=\"color: #0000ff;\">C&rsquo;\u00e9tait tr\u00e8s \u00e9mouvant pour moi.<\/span><br \/>\n<span style=\"color: #0000ff;\">Pendant le confinement, en tant qu&rsquo;enseignante sp\u00e9cialis\u00e9e, j&rsquo;ai travaill\u00e9 en visio-conf\u00e9rence avec plusieurs \u00e9l\u00e8ves, leur adressant de courts textes \u00e0 lire. Les enfants dessinaient ce qu&rsquo;ils lisaient, enregistraient leur lecture ou \u00e9crivaient eux-m\u00eames un passage.<\/span><\/p>\n<\/div>\n<div>\n<p class=\"Standard\"><span style=\"color: #0000ff;\">J&rsquo;ai ainsi fait conna\u00eetre \u00ab\u00a0Malouguette et la chatte rouge\u00a0\u00bb d&rsquo;Anne Pierjean \u00e0 quelques \u00e9l\u00e8ves. A cette m\u00eame p\u00e9riode, j&rsquo;ai men\u00e9 une recherche sur internet et d\u00e9couvert l&rsquo;association Anne Pierjean. De premiers \u00e9changes ont eu lieu avec Anne Grangeon.<\/span><\/p>\n<\/div>\n<div>\n<p class=\"Standard\"><span style=\"color: #0000ff;\">Je vis en Loire-Atlantique. Ma famille paternelle est originaire de la Dr\u00f4me o\u00f9 nous allons souvent l&rsquo;\u00e9t\u00e9. Petite fille, j&rsquo;ai d\u00e9couvert les livres d&rsquo;Anne Pierjean \u00e0 la biblioth\u00e8que o\u00f9 j&rsquo;allais r\u00e9guli\u00e8rement. Par la suite, mes parents m&rsquo;ont offert plusieurs de ses livres que je poss\u00e8de toujours et que ma s\u0153ur puis ma fille ont lus.<\/span><\/p>\n<\/div>\n<div>\n<p class=\"Standard\"><span style=\"color: #0000ff;\">Je les lisais avec plaisir et grand int\u00e9r\u00eat. Ces livres ont rejoint la petite fille qui aimait la Dr\u00f4me et le m\u00e9tier d&rsquo;institutrice. J&rsquo;\u00e9tais sensible au regard de l&rsquo;\u00e9crivain sur les enfants \u00e0 l&rsquo;\u00e9cart, ce qu&rsquo;elle \u00e9crivait progressivement pour apporter des \u00e9clairages sur leurs mani\u00e8res d&rsquo;\u00eatre.<\/span><\/p>\n<\/div>\n<div>\n<p class=\"Standard\"><span style=\"color: #0000ff;\">Il se trouve que je viens de clore ma carri\u00e8re d&rsquo;institutrice sp\u00e9cialis\u00e9e en faisant valoir mes droits \u00e0 la retraite. Cette rencontre \u00e9tait d&rsquo;autant plus \u00e9mouvante quelques jours apr\u00e8s une rentr\u00e9e sans \u00e9cole.<\/span><\/p>\n<\/div>\n<div>\n<p class=\"Standard\"><span style=\"color: #0000ff;\">Anne Grangeon \u00e9voque les livres de sa m\u00e8re avec tellement d&rsquo;int\u00e9r\u00eat et de po\u00e9sie que nous \u00e9tions enchant\u00e9s.<\/span><\/p>\n<\/div>\n<div>\n<p class=\"Standard\"><span style=\"color: #0000ff;\">Catherine Bonnet-Bivaud<\/span><br \/>\n<span style=\"color: #0000ff;\">Pont-Ch\u00e2teau, le 01\/01\/2023.<\/span><\/p>\n<\/div>\n<p>&nbsp;<\/p>\n","protected":false},"excerpt":{"rendered":"<p>Ici, j&rsquo;aimerais faire appel \u00e0 tous les souvenirs qui pourraient s&rsquo;\u00e9crire et se croiser : tout ce que vous avez \u00e0 partager \u00e0 propos d&rsquo;Anne Pierjean nous int\u00e9resse et peut nous enrichir de souvenirs m\u00eal\u00e9s : Votre \u00a0premi\u00e8re lecture d&rsquo;elle, \u00a0et les suivantes !!, vos souvenirs de rencontres, de discussions, d&rsquo;\u00e9changes de correspondance&#8230; et tout &hellip; <a href=\"https:\/\/asso-annepierjean.fr\/?page_id=206\" class=\"more-link\">Continuer la lecture de <span class=\"screen-reader-text\">JE ME SOUVIENS &#8230;.<\/span>  <span class=\"meta-nav\">&rarr;<\/span><\/a><\/p>\n","protected":false},"author":1,"featured_media":0,"parent":0,"menu_order":0,"comment_status":"closed","ping_status":"closed","template":"","meta":{"footnotes":""},"_links":{"self":[{"href":"https:\/\/asso-annepierjean.fr\/index.php?rest_route=\/wp\/v2\/pages\/206"}],"collection":[{"href":"https:\/\/asso-annepierjean.fr\/index.php?rest_route=\/wp\/v2\/pages"}],"about":[{"href":"https:\/\/asso-annepierjean.fr\/index.php?rest_route=\/wp\/v2\/types\/page"}],"author":[{"embeddable":true,"href":"https:\/\/asso-annepierjean.fr\/index.php?rest_route=\/wp\/v2\/users\/1"}],"replies":[{"embeddable":true,"href":"https:\/\/asso-annepierjean.fr\/index.php?rest_route=%2Fwp%2Fv2%2Fcomments&post=206"}],"version-history":[{"count":12,"href":"https:\/\/asso-annepierjean.fr\/index.php?rest_route=\/wp\/v2\/pages\/206\/revisions"}],"predecessor-version":[{"id":2745,"href":"https:\/\/asso-annepierjean.fr\/index.php?rest_route=\/wp\/v2\/pages\/206\/revisions\/2745"}],"wp:attachment":[{"href":"https:\/\/asso-annepierjean.fr\/index.php?rest_route=%2Fwp%2Fv2%2Fmedia&parent=206"}],"curies":[{"name":"wp","href":"https:\/\/api.w.org\/{rel}","templated":true}]}}