{"id":204,"date":"2017-01-16T17:10:52","date_gmt":"2017-01-16T16:10:52","guid":{"rendered":"http:\/\/asso-annepierjean.fr\/?page_id=204"},"modified":"2018-01-07T22:17:03","modified_gmt":"2018-01-07T21:17:03","slug":"le-jardin-les-mots-la-maison","status":"publish","type":"page","link":"https:\/\/asso-annepierjean.fr\/?page_id=204","title":{"rendered":"le JARDIN, les MOTS, la MAISON"},"content":{"rendered":"<h3><span style=\"color: #ff00ff;\"><strong>Le Jardin<\/strong><\/span><\/h3>\n<p><span style=\"color: #0000ff;\"><span style=\"color: #ff00ff;\">P\u00e2ques 1991, extrait d&rsquo;une lettre d&rsquo;APJ:<\/span><br \/>\n&#8230;\u00a0je profite du spectacle du jardin. Le cam\u00e9lia est fleuri, les cerisiers neigent dans le vent, la pelouse est un pr\u00e9 authentique avec toutes ces fleurs qui en attestent : primev\u00e8res, pervenches, p\u00e2querettes, violettes des bois \u00e0 tiges rampantes et toutes les anonymes, v\u00e9roniques et autres, c&rsquo;est superbe&#8230;et les rencontres amicales demeurent vives en d\u00e9pit des \u00e9loignements, \u00e7a aussi c&rsquo;est superbe&#8230;<\/span><\/p>\n<h3><span style=\"color: #ff00ff;\"><strong>\u00ab\u00a0<\/strong>Ma maison ?<\/span><\/h3>\n<p><span style=\"color: #3366ff;\">Ma maison ? \u00a0votre question pourtant si simple me prend au d\u00e9pourvu. Ma maison, je \u00ab\u00a0la vis\u00a0\u00bb et j&rsquo;y vis sans presque y penser, sans m&rsquo;exprimer jamais \u00e0 ce sujet : elle fait partie de moi, elle est unique et essentielle, elle repr\u00e9sente plus que l&rsquo;abri o\u00f9 je niche.<\/span><\/p>\n<p><span style=\"color: #3366ff;\">Bien s\u00fbr, elle habille ma vie de ses meubles, ses murs, ses objets que je touche. Nous l&rsquo;avons faite, un jour, pour y voir grandir nos enfants, c&rsquo;est NOTRE \u00ab\u00a0bulle\u00a0\u00bb dans le monde, nous l&rsquo;aimons, elle est nous. <\/span><\/p>\n<p><span style=\"color: #3366ff;\">Je l&rsquo;ai tant d\u00e9cor\u00e9e et v\u00eatue, peu \u00e0 peu, je lui ai tant dit nos anc\u00eatres et mes souvenirs que je l&rsquo;ai lest\u00e9e, avant tout, du pass\u00e9 qui me porte et me vient de la nuit des temps.\u00a0Je l&rsquo;ai rendue p\u00e9renne.<\/span><\/p>\n<p><span style=\"color: #3366ff;\">P\u00e9renne au point d&rsquo;y sentir l&rsquo;autre, celle de mon enfance, comme une \u00e2me gigogne inclue en celle qui anime nos vies. c&rsquo;est la vieille maison qui explique \u00e0 la jeune comment ensemencer les jours en se rappelant hier et pr\u00e9voyant demain, c&rsquo;est l&rsquo;ancienne, je crois, qui me porte toujours. Il faut aux maisons neuves l&rsquo;apport de nos racines sinon que sauraient-elles ? Elles ne pourraient pas encha\u00eener nos \u00e9tapes de vie.<\/span><\/p>\n<p><span style=\"color: #3366ff;\">Si je ferme les yeux,\u00a0dans ma maison de Crest au quartier Masse-panier\u00a0(large et r\u00e9solument haute au milieu d&rsquo;un grand pr\u00e9 qui jouxte un petit bois) ..si je ferme les yeux, je trouve La Gourrue qui est bien \u00e0 vingt lieux de l\u00e0 !&#8230; La GOURRUE est en galets lisses align\u00e9s comme des petits pains. Un rosier \u00e9carlate ensanglante une glycine toujours p\u00e2le&#8230; le four \u00e0 pain&#8230; les celliers et les caves&#8230; un linteau qui conserve les dates de famille et l&rsquo;ombre d&rsquo;une a\u00efeule qui s&rsquo;en vient du lavoir et cueille, \u00e0 son passage, une reine-claude de miel&#8230; qui m\u00fbrit maintenant ici car je l&rsquo;y ai greff\u00e9e&#8230; j&rsquo;ai sem\u00e9 dans le pr\u00e9 les bouquets fous de mon enfance, j&rsquo;y cueille les m\u00eames violettes&#8230; mes draps s&#8217;empilent dans de lourdes armoires o\u00f9 ma lign\u00e9e rangeait les siens et nous mangeons parfois sur le p\u00e9trin qui gardait leurs farines&#8230; quant \u00e0 ce bureau o\u00f9 j&rsquo;\u00e9cris c&rsquo;est la longue table fermi\u00e8re.<\/span><\/p>\n<p><span style=\"color: #3366ff;\">Si je rouvre les yeux c&rsquo;est ma grande maison, ses pi\u00e8ces en \u00e9tages, ses arbres dans le pr\u00e9, ses souvenirs partout, et elle a l&rsquo;\u00e2ge de ma fille. Elle a aussi un grand portique o\u00f9 jouent d\u00e9sormais nos petits-enfants. Des souvenirs partout&#8230; Y compris ceux des \u00ab\u00a0enfants de papier\u00a0\u00bb que j&rsquo;ai imagin\u00e9s\u00a0et qui ont pris vie dans des livres, alors qu&rsquo;une arri\u00e8re-grand-m\u00e8re faisait vivre les siens en les contant aux veill\u00e9es de village. et j&rsquo;\u00e9coute l&rsquo;horloge qui met son tempo sur mes mots comme elle le posait sur les siens.<\/span><\/p>\n<p><span style=\"color: #3366ff;\">Parler de ma maison? votre question m&rsquo;est douce. Jamais elle ne m&rsquo;avait \u00e9t\u00e9 pos\u00e9e. Et je d\u00e9couvre, gr\u00e2ce \u00e0 vous, qu&rsquo;une maison c&rsquo;est un lieu pour le lit, la cuisine et le reste, encombr\u00e9 de livres partout, mais que surtout c&rsquo;est le grand nid des souvenirs qui sont l&rsquo;assise de nos marches, leur base enracin\u00e9e et leur coeur et leur \u00e2me : la coquille o\u00f9 l&rsquo;on se renforce.<\/span><\/p>\n<p><span style=\"color: #3366ff;\">Je visite souvent une vieille voisine qui a rang\u00e9 ses 86 ans dans une maison de retraite. Et j&rsquo;ai \u00e9t\u00e9 curieuse de lui poser votre question.<\/span><\/p>\n<p><span style=\"color: #3366ff;\">\u00ab\u00a0ma maison, m&rsquo;a-t-elle r\u00e9pondu, c&rsquo;est ici d\u00e9sormais: je ne peux plus \u00ab\u00a0soigner\u00a0\u00bb une maison moi-m\u00eame. Mais celles que j&rsquo;ai eues, je les poss\u00e8de encore bien regroup\u00e9es en moi, \u00e0 leur tour elles m&rsquo;habitent&#8230; Dites-leur bien \u00e0 ces \u00ab\u00a0petits\u00a0\u00bb des Ponts de C\u00e9, qu&rsquo;<strong>au fond, on n&rsquo;a jamais qu&rsquo;une maison que l&rsquo;on transporte dans des murs successifs&#8230;\u00a0\u00bb<\/strong><\/span><\/p>\n<p><span style=\"color: #3366ff;\">Je resterai sur cette conclusion dict\u00e9e par M\u00e9lanie&#8230; Et j&rsquo;esp\u00e8re, un jour proche (j&rsquo;ai 74 ans) me souvenir de la s\u00e9r\u00e9nit\u00e9 de ses paroles, moi qui tiens encore fort \u00e0 ma maison telle qu&rsquo;elle est, \u00e0 ses arbres, ses meubles, et mes choses dans ses tiroirs.\u00a0\u00bb<\/span><\/p>\n<p>&nbsp;<\/p>\n<pre><span style=\"color: #ff00ff; font-size: medium;\"><span class=\"Apple-style-span\" style=\"font-family: Lato, sans-serif;\">lettre d'APJ \u00e0 l'atelier litt\u00e9raire du Coll\u00e8ge Fran\u00e7ois Villon, Les ponts de C\u00e9<\/span><\/span><\/pre>\n<h3><span style=\"color: #ff00ff;\">\u00a0<\/span><\/h3>\n","protected":false},"excerpt":{"rendered":"<p>Le Jardin P\u00e2ques 1991, extrait d&rsquo;une lettre d&rsquo;APJ: &#8230;\u00a0je profite du spectacle du jardin. Le cam\u00e9lia est fleuri, les cerisiers neigent dans le vent, la pelouse est un pr\u00e9 authentique avec toutes ces fleurs qui en attestent : primev\u00e8res, pervenches, p\u00e2querettes, violettes des bois \u00e0 tiges rampantes et toutes les anonymes, v\u00e9roniques et autres, c&rsquo;est &hellip; <a href=\"https:\/\/asso-annepierjean.fr\/?page_id=204\" class=\"more-link\">Continuer la lecture de <span class=\"screen-reader-text\">le JARDIN, les MOTS, la MAISON<\/span>  <span class=\"meta-nav\">&rarr;<\/span><\/a><\/p>\n","protected":false},"author":1,"featured_media":0,"parent":0,"menu_order":0,"comment_status":"closed","ping_status":"closed","template":"","meta":{"footnotes":""},"_links":{"self":[{"href":"https:\/\/asso-annepierjean.fr\/index.php?rest_route=\/wp\/v2\/pages\/204"}],"collection":[{"href":"https:\/\/asso-annepierjean.fr\/index.php?rest_route=\/wp\/v2\/pages"}],"about":[{"href":"https:\/\/asso-annepierjean.fr\/index.php?rest_route=\/wp\/v2\/types\/page"}],"author":[{"embeddable":true,"href":"https:\/\/asso-annepierjean.fr\/index.php?rest_route=\/wp\/v2\/users\/1"}],"replies":[{"embeddable":true,"href":"https:\/\/asso-annepierjean.fr\/index.php?rest_route=%2Fwp%2Fv2%2Fcomments&post=204"}],"version-history":[{"count":14,"href":"https:\/\/asso-annepierjean.fr\/index.php?rest_route=\/wp\/v2\/pages\/204\/revisions"}],"predecessor-version":[{"id":1449,"href":"https:\/\/asso-annepierjean.fr\/index.php?rest_route=\/wp\/v2\/pages\/204\/revisions\/1449"}],"wp:attachment":[{"href":"https:\/\/asso-annepierjean.fr\/index.php?rest_route=%2Fwp%2Fv2%2Fmedia&parent=204"}],"curies":[{"name":"wp","href":"https:\/\/api.w.org\/{rel}","templated":true}]}}