{"id":200,"date":"2017-01-16T17:09:17","date_gmt":"2017-01-16T16:09:17","guid":{"rendered":"http:\/\/asso-annepierjean.fr\/?page_id=200"},"modified":"2019-09-02T16:33:43","modified_gmt":"2019-09-02T14:33:43","slug":"une-enfance-contee","status":"publish","type":"page","link":"https:\/\/asso-annepierjean.fr\/?page_id=200","title":{"rendered":"UNE ENFANCE CONTEE"},"content":{"rendered":"<h3 style=\"text-align: right;\"><span style=\"color: #ff6600;\"><b><span style=\"font-size: medium;\"><span style=\"color: #ff00ff;\">anne pierjean<\/span> <\/span><\/b><\/span><\/h3>\n<h4><span style=\"color: #ff00ff;\">Une enfance cont\u00e9e<br \/>\n<\/span><span style=\"color: #0000ff;\">(extrait)<\/span><\/h4>\n<p><span style=\"color: #0000ff;\">Il\u00a0\u00e9tait une fois dans un vieux village perch\u00e9, une petite fille \u00a0qui n\u2019avait pas de grands parents.<\/span><\/p>\n<p><span style=\"color: #0000ff;\">Cependant, elle en eut parce que c\u2019\u00e9tait inacceptable . L\u2019enfance a ses urgences et l\u2019enfant y pourvoit : c\u2019est une question de survie.<\/span><\/p>\n<p><span style=\"color: #0000ff;\">L\u2019absence de grand-p\u00e8re n\u2019avait pas pes\u00e9 au d\u00e9part car le p\u00e8re \u00e9tant sage il avait bon commerce avec chaque f\u00e9e de l\u2019endroit, ce qui, en famille normale est une t\u00e2che a\u00efeule. Mais le p\u00e8re \u00e9tait \u00e2g\u00e9, p\u00e8re et grand-p\u00e8re ensemble il connaissait les mots de passe, c\u2019\u00e9tait plut\u00f4t un avantage et les choses allaient bien pour la petite fille qui n\u2019\u00e9tait pas priv\u00e9e de contes.<\/span><\/p>\n<p><span style=\"color: #0000ff;\">Et puis un jour tout s\u2019\u00e9croula.<\/span><\/p>\n<p><span style=\"color: #0000ff;\">Une maladie foudroyante entra dans la maison, h\u00e9sita quatre jours puis emporta le p\u00e8re.<\/span><\/p>\n<p><span style=\"color: #0000ff;\">Lors, la petite, abasourdie, refusa de comprendre la mort comme la vie, la consolation et les mots &#8211; m\u00eame, elle mit les f\u00e9es \u00e0 la porte et la vie bien s\u00fbr allait suivre, il fallait faire quelque chose.<\/span><\/p>\n<p><span style=\"color: #0000ff;\">Les f\u00e9es chass\u00e9es \u2013 c\u2019\u00e9taient de bonnes f\u00e9es &#8211; surent qu\u2019en certains cas les baguettes magiques ne sont que coudrier.<\/span><\/p>\n<p><span style=\"color: #0000ff;\">Mieux valait user d\u2019autres armes, par exemple des bras ouverts au coin d\u2019un feu par un grand-p\u00e8re disponible.<\/span><\/p>\n<p><span style=\"color: #0000ff;\">Elles en d\u00e9couvrirent un qui ne servait plus \u00e0 personne et tisonnait les braises sous une marmite \u00e9ternelle. Et elles orient\u00e8rent les pas de la petite fille qui se trouva bien vite, sur une chaise basse, \u00e0 tisonner aussi.<\/span><\/p>\n<p><span style=\"color: #0000ff;\">La petite ne dit pas grand chose.<\/span><\/p>\n<p><span style=\"color: #0000ff;\">Le grand-p\u00e8re parla tr\u00e8s peu.<\/span><\/p>\n<p><span style=\"color: #0000ff;\">Mais des racines essentielles pouss\u00e8rent aussi vraies que les vraies et l\u2019enfant fut pourvue.<\/span><\/p>\n<p><span style=\"color: #0000ff;\">De plus elle d\u00e9couvrit que grandir r\u00e9clamant chaleur il \u00e9tait normal de pallier aux tendresses d\u00e9funtes par d\u2019autres encore vives: on n\u2019en oubliait rien d\u2019autant, mais on en survivait.<\/span><\/p>\n<p><span style=\"color: #0000ff;\">Ce p\u00e9p\u00e9-l\u00e0 voulut.<\/span><\/p>\n<p><span style=\"color: #0000ff;\">Il voulut m\u00eame, consolant la petite , verser avec elle des larmes et le malheur en fut moins seul.<\/span><\/p>\n<p><span style=\"color: #0000ff;\">Et ce p\u00e9p\u00e9 conta et il fut le premier.<\/span><\/p>\n<p><span style=\"color: #0000ff;\">D\u2019autres cont\u00e8rent par la suite car un grand-p\u00e8re c\u2019est fragile et la mort et la vie lui disputent ses heures jusqu\u2019\u00e0 ce qu\u2019un jour mort l\u2019emporte.<\/span><\/p>\n<p><span style=\"color: #0000ff;\">( Ce grand-p\u00e8re premier repose en moi avec les souvenirs du p\u00e8re. )<\/span><\/p>\n<p><span style=\"color: #0000ff;\">La petite n\u2019eut jamais plusieurs grands-p\u00e8res ensemble.<\/span><\/p>\n<p><span style=\"color: #0000ff;\">Un, comme on a un p\u00e8re.<\/span><\/p>\n<p><span style=\"color: #0000ff;\">Il parlait paternellement de la vie du village, des terres, des anc\u00eatres, des traditions et des coutumes&#8230;Le village s\u2019y ajouta par l\u2019imbrication des contacts qui emm\u00ealent les branches des familles rurales.<\/span><\/p>\n<p><span style=\"color: #0000ff;\">En ce qui concerne les grands-m\u00e8res ce fut beaucoup plus simple et bien moins exclusif.<\/span><\/p>\n<p><span style=\"color: #0000ff;\">La petite fille avait sa m\u00e8re qui r\u00e9glait la vie quotidienne et chaque grand-m\u00e8re put \u00eatre seulement une a\u00efeule, celle qui aime \u00ab comme \u00e7a \u00bb sait des histoires et les raconte &#8211; les retransmet comme elle les a re\u00e7ues, y ajoutant sa fantaisie.<\/span><\/p>\n<p><span style=\"color: #0000ff;\">Les m\u00e9m\u00e9es relan\u00e7aient, chacune \u00e0 sa mani\u00e8re, les l\u00e9gendes venues du temps. La petite fille \u00e9blouie recevait l\u2019h\u00e9ritage. Pour elle, fut grand-m\u00e8re qui conte, celle qui donne des racines, des r\u00eaves et un imaginaire.<\/span><\/p>\n<p><span style=\"color: #0000ff;\">A l\u2019heure o\u00f9 les soupes mijotent, o\u00f9 les enfants sont fatigu\u00e9s la nuit tomb\u00e9e et se regroupent pr\u00e8s de l&rsquo;\u00e2tre , c\u2019\u00e9tait le r\u00f4le des m\u00e9m\u00e9es \u00ab d\u2019entrer en conterie \u00bb comme disait l\u2019une d\u2019entre elles, le plus petit sur ses genoux, les autres \u00e9coutant, calm\u00e9s. Et les m\u00e8res vaquaient aux t\u00e2ches quotidiennes&rsquo;<\/span><\/p>\n<p><span style=\"color: #0000ff;\">Chaque conteuse avait sa fa\u00e7on unique de dire, de mettre \u00e0 part ou d\u2019int\u00e9grer son humeur de l\u2019instant, de modifier les d\u00e9tails d\u2019une histoire connue.<\/span><\/p>\n<p><span style=\"color: #0000ff;\">De ce fait , chaque conte m\u00eame entendu cent fois restait aventureux, jamais fig\u00e9 sur des positions o\u00f9 l&rsquo;attendre.<\/span><\/p>\n<p><span style=\"color: #0000ff;\">Les jours o\u00f9 elle se sentait lasse, la m\u00e9m\u00e9e r\u00e9citait le conte sans y ajouter rien.<\/span><\/p>\n<p><span style=\"color: #0000ff;\">D\u2019autres fois, elle faisait rire \u00e0 gorge d\u00e9ploy\u00e9e. Rien ne ressemblait plus \u00e0 rien. Un jour, Barbe-Bleue fut mang\u00e9 par le loup qui le trouvait plus gras que m\u00e8re-grand. Ces jours-l\u00e0 la m\u00e9m\u00e9e, en toute honn\u00eatet\u00e9, pr\u00e9cisait \u00ab que l\u2019histoire n\u2019\u00e9tait pas vraie et que tout \u00e9tait \u00e0 la blague \u00bb.<\/span><\/p>\n<p><span style=\"color: #0000ff;\">Et puis, chaque conteuse avait ses rites, ses cadences, son vocabulaire et son caract\u00e8re. L\u2019une faisait rire de tout, l\u2019autre faisait verser des larmes somptueuses, quant \u00e0 M\u00e9m\u00e9e Germain elle \u00e9tait bien la meilleure des meilleures quand elle voulait bien conter.<\/span><\/p>\n<p><span style=\"color: #0000ff;\">D&rsquo;ailleurs elle ne contait qu&rsquo;\u00e0 la petite fille qui lui tenait ses \u00e9cheveaux de laine pendant qu\u2019elle les empelotait &#8211; et qui lui la\u00e7ait ses chaussures quand elle avait ses rhumatismes.<\/span><\/p>\n<p><span style=\"color: #0000ff;\">Lorsque cette m\u00e9m\u00e9e entrait en conterie, la petite en avait des frissons dans le dos. Rien qu\u2019au son de sa voix elle devinait le sort du conte. Ou bien il s\u2019en irait d\u2019ab\u00eemes en pr\u00e9cipices dans une histoire irr\u00e9parable, ou bien il s\u2019en viendrait port\u00e9 par cent colombes &#8211; et les monstres, alors, pouvaient avoir cent mille t\u00eates, la princesse ne craignait rien !<\/span><\/p>\n<p><span style=\"color: #0000ff;\">M\u00e9m\u00e9e Germain contait des histoires connues et en inventait d\u2019autres qui valaient les premi\u00e8res avec des f\u00e9es , des monstres et des princesses dont la petite fille aimait qu&rsquo;on d\u00e9crivit les robes.<\/span><\/p>\n<p><span style=\"color: #0000ff;\">La petite aimait bien \u00eatre seule avec la conteuse.<\/span><\/p>\n<p><span style=\"color: #0000ff;\">Ecoute unique elle sentait en elle une attention intense qui soutenait l\u2019histoire et la rendait participante quelque part.<\/span><\/p>\n<p><span style=\"color: #0000ff;\">La m\u00e9m\u00e9e regroupait les \u00e9pisodes, elle d\u00e9butait lentement, puis, tout \u00e9tant en place, elle tricotait la chaussette et les phrases chantaient sur le tempo des cinq aiguilles qui tournaient.<\/span><\/p>\n<p><span style=\"color: #0000ff;\">De temps en temps elle se penchait. De son aiguille libre elle repoussait la m\u00e8che qui tombait sur les yeux de l\u2019enfant, assise sur un tabouret, les deux bras accoud\u00e9s sur son grand devantier.<\/span><\/p>\n<p><span style=\"color: #0000ff;\">Je sens encore en moi cet accord ineffable , o\u00f9 , immobile et bouche b\u00e9e je n\u2019\u00e9tais pas pour rien dans le talent de la conteuse.<\/span><\/p>\n<p><span style=\"color: #0000ff;\">&#8211; Tu me donnes envie de conter ! me disait la m\u00e9m\u00e9e qui me donnait envie d\u2019entendre.<\/span><\/p>\n<p><span style=\"color: #0000ff;\">Et elle caressait mes cheveux. J\u2019embrassais sa main au passage&#8230;Elle finissait par poser la chaussette et me prenait sur ses genoux : qu\u2019auraient \u00e9t\u00e9 ses conteries sans la tendresse ?<\/span><\/p>\n<p><span style=\"color: #0000ff;\">&#8211; Ma m\u00e9m\u00e9e me disait ce que sa m\u00e9m\u00e9e avait dit. . .<\/span><\/p>\n<p><span style=\"color: #0000ff;\">Ainsi de suite en remontant le temps.,.<\/span><\/p>\n<p><span style=\"color: #0000ff;\">Et j\u2019\u00e9tais \u00e9blouie de recevoir ces contes venus du bout des \u00e2ges ; (Et qui les avait invent\u00e9s ? 0n l\u2019ignorait ! ils venaient de l\u2019air qu\u2019on respire. 0n respirait.)<\/span><\/p>\n<p><span style=\"color: #0000ff;\">Ensorcel\u00e9e par une histoire j\u2019oubliais tout le reste.<\/span><\/p>\n<p><span style=\"color: #0000ff;\">Je vivais des haltes magiques dans un quotidien difficile<\/span><\/p>\n<p><span style=\"color: #0000ff;\">Et c\u2019\u00e9tait dans l\u2019ordre des choses : \u00e0 l\u2019ultime \u00e2ge on transmettait \u00e0 ceux qui allaient vers la vie. On savait, on avait le temps, c\u2019\u00e9tait le travail des grands-m\u00e8res.<\/span><\/p>\n<p><span style=\"color: #0000ff;\">Certaines n&rsquo;\u00e9taient pas dou\u00e9es. Elles parlaient des gens, des b\u00eates et des champs. D\u2019autres avaient le talent de dire. Elles transmettaient les contes. J\u2019en eus deux qui, \u00e0 l\u2019heure des soupes venue, trouvaient un parler magnifique.<\/span><\/p>\n<p><span style=\"color: #0000ff;\">Et ma m\u00e8re s&rsquo;y ajouta plus tard, le deuil de mon p\u00e8re adouci, et elle me r\u00e9p\u00e9ta les contes qu\u2019il aimait.<\/span><\/p>\n<p><span style=\"color: #0000ff;\">Elles ont fait mon imaginaire et mon d\u00e9sir de prendre quelque jour le relais<\/span><\/p>\n<p><span style=\"color: #0000ff;\">Le soir, sous l\u2019\u00e9dredon, le conte perdurait. Parfois je le disais en mots \u00e0 moi et en \u00e9pisodes \u00e0 moi. Ces histoires d\u2019avant dormir \u00e9taient \u00ab le chemin du sommeil \u00bb comme me disait la m\u00e9m\u00e9e en me cong\u00e9diant :<\/span><\/p>\n<p><span style=\"color: #0000ff;\">&#8211; Allez, \u00e7a suffit pour ce soir, tu te diras la suite avant de prendre le chemin du sommeil.<\/span><\/p>\n<p><span style=\"color: #0000ff;\">Et elle riait :<\/span><\/p>\n<p><span style=\"color: #0000ff;\">&#8211; Gno pro ! me disait ma Grand-M\u00e8re. Mais maintenant on parle en fran\u00e7ais aux enfants !<\/span><\/p>\n<p><span style=\"color: #0000ff;\">Cela, d&rsquo;ailleurs, lui faisait peine.<\/span><\/p>\n<p><span style=\"color: #0000ff;\">Elle \u00e9tait la premi\u00e8re \u00e0 dire les vieilles conteries en un fran\u00e7ais barbare. Jusqu\u2019ici elles \u00e9taient venues sur les sabots du temps bien accord\u00e9s \u00e0 leurs cadences &#8211; que ce fran\u00e7ais leur allait ma1 ! et qu\u2019il \u00e9tait pauvre, le pauvre!<\/span><\/p>\n<p><span style=\"color: #0000ff;\">Elle y suppl\u00e9ait grandement par des mots de jadis que j\u2019entendais parfaitement tout le village s\u2019exprimant en patois (except\u00e9 les enfants qui n\u2019avaient pas le droit de r\u00e9pondre dans cette langue . )<\/span><\/p>\n<p><span style=\"color: #0000ff;\">Force lui fut de parler le fran\u00e7ais si elle voulait transmettre ce qui ne devait pas se perdre.<\/span><\/p>\n<p><span style=\"color: #0000ff;\">Cependant il y eut deux histoires qu\u2019elle refusa tout net de sortir de leurs vieux sabots car elle les r\u00e9citait, yeux clos, sur une intonation incantatoire . C&rsquo;\u00e9tait l&rsquo;histoire de Mandrin. Et celle de Phil\u00e9mon et Beaucis qui se trouvait dans son bagage et je m\u2019en \u00e9tonne aujourdthui.<\/span><\/p>\n<p><span style=\"color: #0000ff;\">Et ces r\u00e9citations patoises me remplissaient les yeux de larmes.<\/span><\/p>\n<p><span style=\"color: #0000ff;\">Elles \u00e9taient belles&#8230;leur musique venait de si loin&#8230;et des voix du pass\u00e9 doublaient la voix de la m\u00e9m\u00e9e dans sa toute puissance.<\/span><\/p>\n<p><span style=\"color: #0000ff;\">J\u2019eus cette chance &#8211; l\u00e0, d\u2019entendre toutes ces voix \u00e9teintes \u00e0 jamais avec celle de M\u00e9m\u00e9e Germain.<\/span><\/p>\n<p><span style=\"color: #0000ff;\">Notre \u00e9poque y a bien perdu.<\/span><\/p>\n<p><span style=\"color: #0000ff;\">Je n\u2019ai pu que dire \u00e0 mon tour , des histoires que l\u2019on peut lire dans des livres \u00e0 mille exemplaires et comme la m\u00e9m\u00e9e parfois, j\u2019en ai grand peine.<\/span><\/p>\n<p><span style=\"color: #0000ff;\">Alors, je prends sur mes genoux un petit enfant d\u2019aujourd\u2019hui et je lui conte la belle histoire du \u00ab loup mari\u00e9 \u00bb\u00a0 que la m\u00e9m\u00e9e contait et que je sais encore.<\/span><\/p>\n<p><span style=\"color: #0000ff;\">Avec mes mots bien s\u00fbr, et mes cadences , mais sur l\u2019infini tapis rouge que le conte d\u00e9roule, depuis la nuit des temps, sous les pieds des enfants.<\/span><\/p>\n<p><span style=\"color: #0000ff;\"><em>Gno pro = c\u2019est assez ! (il y en a assez)<\/em><\/span><\/p>\n<p>&#8230;&#8230;&#8230;&#8230;&#8230;.<\/p>\n<p><strong><span style=\"color: #ff00ff;\">Mon enfance cont\u00e9e<\/span><\/strong><\/p>\n<p><strong><span style=\"color: #ff00ff;\"><em>Lettre \u00e0 St Avit \u00e0 propos d\u2019une exposition d\u2019artisans. non dat\u00e9e.<\/em><\/span><\/strong><\/p>\n<p><span style=\"color: #0000ff;\">Si le conte a une odeur, il a pour moi celle des soupes.<\/span><\/p>\n<p><span style=\"color: #0000ff;\">S\u2019il a une heure, c\u2019est celle o\u00f9 les soupes cuisaient dans une \u00ab\u00a0oule\u00a0\u00bb de fonte suspendue \u00e0 la cr\u00e9maill\u00e8re.<\/span><\/p>\n<p><span style=\"color: #0000ff;\">S\u2019il a des gestes, de sont ceux des grands-m\u00e8res qui tricotaient, contaient, tisonnaient des brandons, le tout s\u2019orchestrant, se portant, indissociable\u2026<\/span><\/p>\n<p><span style=\"color: #0000ff;\">Et s\u2019il a une \u00e9coute, c\u2019est celle d\u2019une petite fille, les mains sur els genoux, branch\u00e9e sans le savoir a bien plus grand que l\u2019heure, mais quelque part consciente de la chance d\u2019\u00eatre l\u00e0, partie prenante aux magies de l\u2019instant.<\/span><\/p>\n<p><span style=\"color: #0000ff;\">Un conte aura toujours, pour moi, cet essentiel climat d\u2019approche\u00a0: d\u2019abord volutes de fum\u00e9e encensant soudain un soir rouge au dessus du village, fumets l\u00e2ch\u00e9s par les portes ouvertes, reflets de braise empourprant l\u2019ombreprofonde des cuisines, pendant qu\u2019aux balanciers des horloges patientes se cadence le temps\u00a0; les lueurs, les odeurs.<br \/>\n<\/span><span style=\"color: #0000ff;\">Puis une voix sans \u00e2ge.<br \/>\n<\/span><span style=\"color: #0000ff;\">Des mains sans \u00e2ge aussi.<br \/>\n<\/span><span style=\"color: #0000ff;\">Des cliquetis d\u2019aiguilles tricoteuses, tempos vifs ou lentis par l\u2019urgence des soupes, des contes ou de l\u2019humeur.<br \/>\n<\/span><span style=\"color: #0000ff;\">Des mots venus de loin, communs et pourtant rares, ordinaires mais incantatoires, enrichis du porter par une cadence sans fin.<\/span><\/p>\n<p><span style=\"color: #0000ff;\">La grand-m\u00e8re de mon p\u00e8re, qui fut, en son temps, griot de village, disait que les contes la \u00ab\u00a0traversaient\u00a0\u00bb, \u00e0 certaines heures, eux dans lesquels elle baignait.Alors, elle ne pouvait pas moins faire que leur donner sa voix\u2026 et les donner aussi \u00e0 ceux qui les percevaient mal et avaient besoin de ses mots.<\/span><\/p>\n<p><span style=\"color: #0000ff;\">Parfois, si elle n\u2019avait personne \u00e0 qui conter, elle se les disait \u00e0 elle-m\u00eame en tisonnant sa soupe. \u00ab\u00a0Trois mots les engr\u00e8nent, disait-elle, apr\u00e8s ils coulent seuls comme de l\u2019eau\u00a0\u00bb.<\/span><\/p>\n<p><span style=\"color: #0000ff;\">\u00ab\u00a0Parfois, ajoutait-elle, je ne les savais pas avant que de les dire\u2026 Et, dans tous les cas, je ne sais jamais d\u2019avance les mots qui les porteront.Je les entends avec ceux qui m\u2019\u00e9coutent\u00a0\u00bb\u2026 \u00ab\u00a0Les contes, c\u2019est donn\u00e9\u00a0\u00bb\u2026.<\/span><\/p>\n<p><span style=\"color: #0000ff;\">Pour la conteuse Rosalie, les contes avaient l\u2019odeur des cr\u00e9pes, ou des marrons qui sautaient dans les po\u00eales \u00e0 trous, des noix qu\u2019on triait et des bol\u00e9es de vin bouillant aiguis\u00e9 de cannelle. Leur heure \u00e9tait tardive et leur \u00e9coute adulte.<\/span><\/p>\n<p><span style=\"color: #0000ff;\">Ces contes de veill\u00e9es ou de lestes brigands troussaient maints cotillons,je ne les ai pas entendus. On m\u2019envoyait coucher, j\u2019\u00e9tais petite. J\u2019ai le regret de ces contes \u00ab\u00a0pour grands\u00a0\u00bb laiss\u00e9s par Rosalie et qui se sont perdus car, mon enfance franchie, les veill\u00e9es de village pleines de conteries s\u2019\u00e9taient perdues aussi.<\/span><\/p>\n<p><span style=\"color: #0000ff;\">Puis j\u2019ai quitt\u00e9 mon village\u2026<\/span><\/p>\n<p><span style=\"color: #0000ff;\">Je garde le regret de n\u2019avoir eu que les contes d\u2019enfance, ceux qui venaient \u00e0 l\u2019heure des soupes qui mijotent. Entre l\u2019\u00e9cole et la nuit, apr\u00e8s les go\u00fbters et les jeux de plein soleil, il \u00e9tait rare qu\u2019une grand-m\u00e8re sollicit\u00e9e me refuse une histoire, qu\u2019elle adaptait pour moi en me caressant les cheveux.<\/span><\/p>\n<p><span style=\"color: #0000ff;\">Je dois aux histoires de mon village, \u00e0 tout ce tissu de mon enfance,l\u2019envie de conter \u00e0 mon tour. Elles m\u2019ont laiss\u00e9 des cadences \u00ab\u00a0inarr\u00eatables\u00a0\u00bb et je leur offre mes mots comme Rosalie leur offrait les siens\u2026 Et d\u2019autres, avant, depuis le d\u00e9but des temps\u00a0: le d\u00e9sir de conter est enracin\u00e9 dans le Temps.<\/span><\/p>\n<p><span style=\"color: #0000ff;\">Et je souhaite que les cadences perdurent, se transmettent, ne s\u2019\u00e9garent pas dans un monde qui en a besoin\u2026<\/span><\/p>\n<p><strong><span style=\"color: #0000ff;\">On peut tisser les mots comme on file la laine ou l\u2019on sculpte le bois, avec au c\u0153ur le d\u00e9sir de donner, de rencontrer, d\u2019\u00e9changer.<\/span><\/strong><\/p>\n<p><span style=\"color: #0000ff;\">Et je suis tr\u00e8s heureuse d\u2019avoir trouv\u00e9 une place parmi les \u0153uvres des artisans de mon village.<\/span><\/p>\n<p>&nbsp;<\/p>\n<p>&nbsp;<\/p>\n<p>&nbsp;<\/p>\n","protected":false},"excerpt":{"rendered":"<p>anne pierjean Une enfance cont\u00e9e (extrait) Il\u00a0\u00e9tait une fois dans un vieux village perch\u00e9, une petite fille \u00a0qui n\u2019avait pas de grands parents. Cependant, elle en eut parce que c\u2019\u00e9tait inacceptable . L\u2019enfance a ses urgences et l\u2019enfant y pourvoit : c\u2019est une question de survie. L\u2019absence de grand-p\u00e8re n\u2019avait pas pes\u00e9 au d\u00e9part car &hellip; <a href=\"https:\/\/asso-annepierjean.fr\/?page_id=200\" class=\"more-link\">Continuer la lecture de <span class=\"screen-reader-text\">UNE ENFANCE CONTEE<\/span>  <span class=\"meta-nav\">&rarr;<\/span><\/a><\/p>\n","protected":false},"author":1,"featured_media":0,"parent":0,"menu_order":0,"comment_status":"closed","ping_status":"closed","template":"","meta":{"footnotes":""},"_links":{"self":[{"href":"https:\/\/asso-annepierjean.fr\/index.php?rest_route=\/wp\/v2\/pages\/200"}],"collection":[{"href":"https:\/\/asso-annepierjean.fr\/index.php?rest_route=\/wp\/v2\/pages"}],"about":[{"href":"https:\/\/asso-annepierjean.fr\/index.php?rest_route=\/wp\/v2\/types\/page"}],"author":[{"embeddable":true,"href":"https:\/\/asso-annepierjean.fr\/index.php?rest_route=\/wp\/v2\/users\/1"}],"replies":[{"embeddable":true,"href":"https:\/\/asso-annepierjean.fr\/index.php?rest_route=%2Fwp%2Fv2%2Fcomments&post=200"}],"version-history":[{"count":15,"href":"https:\/\/asso-annepierjean.fr\/index.php?rest_route=\/wp\/v2\/pages\/200\/revisions"}],"predecessor-version":[{"id":1967,"href":"https:\/\/asso-annepierjean.fr\/index.php?rest_route=\/wp\/v2\/pages\/200\/revisions\/1967"}],"wp:attachment":[{"href":"https:\/\/asso-annepierjean.fr\/index.php?rest_route=%2Fwp%2Fv2%2Fmedia&parent=200"}],"curies":[{"name":"wp","href":"https:\/\/api.w.org\/{rel}","templated":true}]}}