{"id":195,"date":"2017-01-16T17:05:05","date_gmt":"2017-01-16T16:05:05","guid":{"rendered":"http:\/\/asso-annepierjean.fr\/?page_id=195"},"modified":"2021-03-22T18:21:15","modified_gmt":"2021-03-22T17:21:15","slug":"le-gout-d-etre","status":"publish","type":"page","link":"https:\/\/asso-annepierjean.fr\/?page_id=195","title":{"rendered":"\u00ab\u00a0Mon GO\u00dbT d&rsquo;ETRE\u00a0\u00bb"},"content":{"rendered":"<p><a href=\"https:\/\/asso-annepierjean.fr\/?attachment_id=843\" rel=\"attachment wp-att-843\"><img decoding=\"async\" loading=\"lazy\" class=\"alignnone size-full wp-image-843\" src=\"https:\/\/asso-annepierjean.fr\/wp-content\/uploads\/2017\/01\/gout4-002.jpg\" alt=\"\" width=\"474\" height=\"656\" srcset=\"https:\/\/asso-annepierjean.fr\/wp-content\/uploads\/2017\/01\/gout4-002.jpg 474w, https:\/\/asso-annepierjean.fr\/wp-content\/uploads\/2017\/01\/gout4-002-217x300.jpg 217w\" sizes=\"(max-width: 474px) 100vw, 474px\" \/><\/a><\/p>\n<p><em><span style=\"color: #003366;\"><a href=\"https:\/\/asso-annepierjean.fr\/?attachment_id=841\" rel=\"attachment wp-att-841\"><img decoding=\"async\" loading=\"lazy\" class=\"alignnone size-full wp-image-841\" src=\"https:\/\/asso-annepierjean.fr\/wp-content\/uploads\/2017\/01\/gout4-001.jpg\" alt=\"\" width=\"474\" height=\"670\" srcset=\"https:\/\/asso-annepierjean.fr\/wp-content\/uploads\/2017\/01\/gout4-001.jpg 474w, https:\/\/asso-annepierjean.fr\/wp-content\/uploads\/2017\/01\/gout4-001-212x300.jpg 212w\" sizes=\"(max-width: 474px) 100vw, 474px\" \/><\/a><\/span><\/em><\/p>\n<h3 style=\"text-align: center;\"><a href=\"https:\/\/asso-annepierjean.fr\/?attachment_id=844\" rel=\"attachment wp-att-844\"><img decoding=\"async\" loading=\"lazy\" class=\"alignnone size-full wp-image-844\" src=\"https:\/\/asso-annepierjean.fr\/wp-content\/uploads\/2017\/01\/gout5.png\" alt=\"\" width=\"470\" height=\"329\" srcset=\"https:\/\/asso-annepierjean.fr\/wp-content\/uploads\/2017\/01\/gout5.png 470w, https:\/\/asso-annepierjean.fr\/wp-content\/uploads\/2017\/01\/gout5-300x210.png 300w\" sizes=\"(max-width: 470px) 100vw, 470px\" \/><\/a><\/h3>\n<h3 style=\"text-align: center;\">\u00a0*\u00a0 *\u00a0 *\u00a0 *\u00a0 *\u00a0 *\u00a0 *\u00a0 *\u00a0 *<\/h3>\n<h3><span style=\"color: #ff00ff;\">en semant semant<\/span><\/h3>\n<h5><span style=\"color: #ff00ff;\"><em>lettre de\u00a0APJ\u00a0\u00e0 Raymonde et Louis, 6 mars 1996 :<\/em><\/span><\/h5>\n<p><span style=\"color: #0000ff;\">Je vous ai souvent dit que mon mot pr\u00e9f\u00e9r\u00e9 \u00e9tait <strong>ensemencement.<\/strong><\/span><\/p>\n<p><span style=\"color: #0000ff;\">C\u2019est aussi celui de Michel Serres qui l\u2019a dit \u00e0 Bernard Pivot. Sans doute l\u2019ai-je pr\u00e9c\u00e9d\u00e9 dans le choix. J\u2019avais Huit ans lorsque j\u2019ai d\u00e9couvert le mot d\u2019une fa\u00e7on tr\u00e8s innocente. Je me souviens, c\u2019\u00e9tait une dict\u00e9e sans titre. Sur une \u00eele d\u00e9serte un homme avait un seul \u00e9pi de bl\u00e9. Il l\u2019a sem\u00e9. \u00a0En a eu dix qu\u2019il a sem\u00e9s, puis cent qu\u2019il a sem\u00e9s. Hivers \u00a0\u00e9t\u00e9s recommenc\u00e9s, un jour il a pu moudre et puis p\u00e9trir. Trouvez un titre a dit le ma\u00eetre.<\/span><\/p>\n<p><span style=\"color: #0000ff;\">Le doigt lev\u00e9 j\u2019ai r\u00e9pondu : en semant, semant\u2026<\/span><\/p>\n<p><span style=\"color: #0000ff;\">Tr\u00e8s bien s\u2019est \u00e9tonn\u00e9 le ma\u00eetre. Et il a \u00e9crit au tableau <strong>ensemencement\u00a0<\/strong>.<\/span><\/p>\n<p><span style=\"color: #0000ff;\">Musique. La semeuse in\u00e9puisable. L\u2019\u00e9ternit\u00e9 du mot qui recommence et s\u2019\u00e9ternise en semant semant semant semant\u2026c\u2019est toujours mon mot pr\u00e9f\u00e9r\u00e9.<\/span><\/p>\n<p><span style=\"color: #0000ff;\">s\u2019y ajoute une autre raison. Un an avant sa mort -j\u2019avais six ans- mon p\u00e8re \u00e9coutait maman chanter les bl\u00e9s d\u2019or. La nuit \u00e9tait venue. La brise aussi. Il m\u2019a emmen\u00e9e vers les bl\u00e9s \u00e9couter leur musique et j\u2019avais per\u00e7u l\u2019infini. J\u2019\u00e9tais l\u00e0 et partout, dans les bras paternels et le chant des moissons qui n\u2019avaient pas de fin.<\/span><\/p>\n<p><span style=\"color: #0000ff;\">J\u2019\u00e9tais si dilat\u00e9e qu\u2019il a fallu le bapt\u00eame des larmes .. le bruissement in\u00e9puisable s\u2019est transmu\u00e9 en chant du monde\u00a0\u00bb<\/span><\/p>\n<h3 style=\"text-align: center;\"><span style=\"color: #0000ff;\">\u00a0*\u00a0 *\u00a0 *\u00a0 *\u00a0 *\u00a0 *\u00a0 *\u00a0 *\u00a0 *\u00a0 *\u00a0 *\u00a0 *\u00a0 *\u00a0 *\u00a0 *\u00a0 *\u00a0 *<\/span><\/h3>\n<h3><span style=\"color: #ff00ff;\">Nouvelle d&rsquo;un printemps\u00a0<\/span>:<\/h3>\n<p><a href=\"https:\/\/asso-annepierjean.fr\/?p=990\"><input type=\"button\" value=\"(1988) cliquez\" \/><\/a><\/p>\n<h3 style=\"text-align: center;\"><span style=\"color: #0000ff;\">\u00a0*\u00a0 *\u00a0 *\u00a0 *\u00a0 *\u00a0 *\u00a0 *\u00a0 *\u00a0 *\u00a0 *\u00a0 *\u00a0 *\u00a0 *\u00a0 *\u00a0 *\u00a0 *\u00a0 *<\/span><\/h3>\n<h3><span style=\"color: #ff00ff;\"> le jardin\u00a0<\/span><\/h3>\n<p><span style=\"color: #0000ff;\"><span class=\"Apple-style-span\"><span style=\"color: #ff00ff;\"><strong>lettre -1993<\/strong><\/span><em style=\"font-style: italic;\"><br \/>\n<\/em><\/span>Cet \u00e9t\u00e9 j&rsquo;ai ador\u00e9 une \u00ab\u00a0nature vivante\u00a0\u00bb qu&rsquo;une jeune fille perp\u00e9tuait dans le jardin voisin de geste en geste. Des branches, des fruits, des fleurs et l&rsquo;enfant en filigrane derri\u00e8re la haie. Je ne bougeais pas, je ne lui parlais pas, \u00a0je la regardais orchestrant les gestes et le jardin : un papillon habill\u00e9 en Esmeralda! \u00a0Un jour, deux autres Esmeralda l&rsquo;ont rejointe et ont hiss\u00e9 leurs jupes bariol\u00e9es sur le cerisier. Et elles ont chant\u00e9, en allemand je crois. Rien que pour ces instants-l\u00e0 o\u00f9 tout s&rsquo;harmonise et vous est offert, la vie vaut la peine d&rsquo;\u00eatre v\u00e9cue.<\/span><\/p>\n<p><span style=\"color: #0000ff;\">Je dois beaucoup \u00e0 mes yeux et mes oreilles et au petit d\u00e9multiplicateur qui les taille \u00e0 mille facettes et qui r\u00e9side Dieu sait o\u00f9 !\u00a0\u00bb<\/span><\/p>\n<p><span class=\"Apple-style-span\" style=\"color: #800000;\"><i>\u00a0<\/i><\/span><\/p>\n<p><span style=\"color: #ff00ff;\"><strong><em style=\"font-style: italic;\">lettre 14 Juin 1989<\/em><\/strong><br \/>\n<span style=\"color: #0000ff;\">Je suis confituri\u00e8re, les mains rouges de griottes, cerises, groseilles.J&rsquo;ensanglante et poisse le quotidien sans s\u00e8ve qui m&rsquo;est \u00ab\u00a0offert\u00a0\u00bb. Le cong\u00e9lateur se remplit, le jardin fleurit comme il peut, les mots voltigent en vols secrets et tenaces. Joie d&rsquo;\u00eatre en puissance de mots, m\u00eame muette&#8230; et qu&rsquo;ils sont beaux les mots non \u00e9crits.\u00a0\u00bb<\/span><\/span><\/p>\n<p><span class=\"Apple-style-span\" style=\"color: #008000;\"><i>\u00a0<\/i><\/span><\/p>\n<p>&nbsp;<\/p>\n<h6><span style=\"color: #ff00ff;\">APJ, \u00e9crit le 15 novembre 1993<\/span><\/h6>\n<p><span style=\"color: #0000ff;\">\u00ab\u00a0l&rsquo;entame de sa propre vie est dans la nuit des temps, \u00e0 la gen\u00e8se des gen\u00e8ses, \u00e0 la matrice des matrices.\u00a0\u00bb&#8230;<\/span><\/p>\n<p><span style=\"color: #0000ff;\">\u00ab\u00a0A la naissance, on prend un bout de vie en marche avec tous ses rouages, et, autour de sa fr\u00eale nef, le fleuve portant de la m\u00e8re, sa voix intemporelle cependant accord\u00e9e, son geste unique et pourtant d\u00e9ploy\u00e9 depuis le tout d\u00e9but des \u00e2ges. La m\u00e8re. Elle transmet les dieux, r\u00e9git le soleil et les vents, couronn\u00e9e de haute fatigue, puissante de fragilit\u00e9s et de r\u00e9sonances p\u00e9rennes, et, m\u00eame vacillante, elle est source immortelle aux branchements de soi.<\/span><\/p>\n<p><span style=\"color: #0000ff;\"> La vie commence longtemps avant le vivre. Com-prendre son avant et en \u00eatre nourri c&rsquo;est trouver ses vents favorables, il faut sonder les oc\u00e9ans jusqu&rsquo;aux abysses. Tout au d\u00e9part du perceptible, la m\u00e8re est l&rsquo;isthme \u00e9troit et chaud canalisant la vie qui s&rsquo;offre. Dans l&rsquo;orbe de ses bras, elle circonscrit le trop-vaste et le trop-lointan, \u00e9rigeant en jet\u00e9es vigilances et t\u00e2ches ciment\u00e9es de fatigue heureuse. On devine parfois la pression exerc\u00e9e sur le barrage de son corps mais elle s&rsquo;ouvre si vite : on se blottit, yeux clos, dans le \u00ab\u00a0rematri\u00e7age\u00a0\u00bb et la berceuse endort tous les fracas de houle qui s&rsquo;harmonisent dans sa conque. Tout, dans le prime temps, doit \u00eatre maternel, la m\u00e8re, le p\u00e8re et les autres. On ne pourra jamais g\u00e9rer la vie qui vous \u00e9choit qu&rsquo;avec ses propres racines, les chemins fray\u00e9s d&rsquo;une enfance et ceux qu&rsquo;on s&rsquo;est construits, adulte, sur une lanc\u00e9e coh\u00e9rente et responsable. Il faudrait mourir consum\u00e9 jusqu&rsquo;\u00e0 la transparence, ne laisser qu&rsquo;un reste de cire au col d&rsquo;un p\u00e9renne bougeoir pour t\u00e9moigner qu&rsquo;un jour l&rsquo;on f\u00fbt. Et l&rsquo;infini rejoint (et sa vie retransmise par la perle de cire \u00e0 jamais in\u00e9teinte) s&rsquo;endormir dans la joie d&rsquo;avoir fait des enfants unis qui continuent et vous offrent d\u00e9j\u00e0 leur admirable marche.<\/span><\/p>\n<h6><span style=\"color: #ff00ff;\"><span style=\"color: #0000ff;\"><span style=\"color: #ff00ff;\">extrait d&rsquo;une lettre \u00e0 ses lecteurs, Mai 1993<\/span> <\/span><\/span><\/h6>\n<p><span style=\"color: #0000ff;\">Merci pour votre lettre, merci pour vos lettres qui m&rsquo;apportent toujours tant de choses et me maintiennent dans ce vaste r\u00e9seau d&rsquo;amiti\u00e9, qui s&rsquo;est spontan\u00e9ment mis en place d\u00e8s mes premiers livres. Lorsque je regarde votre hexagone(tr\u00e8s \u00e9largi \u00e0 la Belgique et \u00e0 la Suisse, le Canada m&rsquo;\u00e9crit aussi et fort bien !)je me dis que si je plantais une petite fleur sur l&rsquo;adresse de chaque correspondant, la carte serait un grand pr\u00e9 de fleurs, une immense gerbe. Alors je ferme les yeux et je go\u00fbte un bonheur ineffable d&rsquo;\u00eatre dans ce grand bouquet qui nous r\u00e9unit si affectueusement. Et j&rsquo;esp\u00e8re, avec beaucoup de foi, que Marika, Julie, Paul et Louise et les autres continueront \u00e0 semer : l&rsquo;amour, disait ma m\u00e8re Louise, se re-s\u00e8me comme les p\u00e2querettes&#8230;<\/span><\/p>\n<p><strong><span style=\"color: #ff00ff;\">dans une autre lettre, en 1992 :<\/span><\/strong><\/p>\n<p><span style=\"color: #0000ff;\">Ils m&rsquo;\u00e9crivent de partout. Si je posais un grain de bl\u00e9 sur chacune de leurs maisons et si \u00a0 &#8211;\u00ab\u00a0dormance, germance, croissance, fleurance\u00a0\u00bb&#8211; ils poussaient, j&rsquo;aurais une belle moisson . (Auteur ? \u00a0je ne m&rsquo;en soucie gu\u00e8re, mais \u00e9pistoli\u00e8re, je sais. J&rsquo;aime les enfants, je le sais aussi).<\/span><\/p>\n<p><span style=\"color: #0000ff;\">Je dis \u00e0 chaque enfant, d\u00e8s que notre correspondance y arrive, l&rsquo;enfance indissociable de sa terre et de son chant. Celui qui parle plus loin que sa voix, s&rsquo;il demeure authentique, dit sa terre aux quatre coins de la pens\u00e9e et du monde.<\/span><\/p>\n<p><strong><span style=\"color: #ff00ff;\">Le 15 mars 1990, pour Annick,<\/span><\/strong><\/p>\n<p><span style=\"color: #0000ff;\">&#8230; J&rsquo;ai toujours tent\u00e9 d&rsquo;affranchir les mots (int\u00e9rieurs) de mes fausses pudeurs et des fausses pudeurs d&rsquo;un si\u00e8cle qui n&rsquo;ose plus appeler Amour l&rsquo; Amour. Et je n&rsquo;ai eu de cesse d&rsquo;essayer de le \u00ab\u00a0dire\u00a0\u00bb d&rsquo;une fa\u00e7on ou d&rsquo;une autre, depuis que j&rsquo;ai compris que certains s&rsquo;y retrouvent et peut-\u00eatre s&rsquo;y r\u00e9chauffent.<\/span><br \/>\n<span style=\"color: #0000ff;\">Cela dure depuis plus de 20 ans. Comme le chaleureux dure aussi, je poursuis autant que je le peux, bien et rassur\u00e9e dans l&rsquo;\u00e9change.<\/span><\/p>\n<p><span style=\"color: #0000ff;\">De plus, j&rsquo;ai derri\u00e8re moi une route longue d\u00e9j\u00e0 et \u00a0<strong>sais paisiblement que j&rsquo;entre dans le temps o\u00f9 la Vie et la Mort se marchandent votre existence jusqu&rsquo;\u00e0 ce que la mort l&#8217;emporte. D&rsquo;o\u00f9 l&rsquo;urgence des mots \u00e0 donner\u00a0<\/strong>\u00e0 qui s&rsquo;y int\u00e9resse (du temps que je le peux) avec l&rsquo;espoir que mes pages me prolongeront au moins jusqu&rsquo;au temps o\u00f9 mes amis auront mon \u00e2ge, alors ils me conna\u00eetront mieux et percevront, d\u00e9pouill\u00e9e de moi, l&rsquo;aura qui aura sous-tendu ma vie.<\/span><\/p>\n<p><span style=\"color: #0000ff;\"><strong>Ma chance c&rsquo;est une sorte de sensualit\u00e9 \u00e0 \u00eatre<\/strong>, qui s&rsquo;alimente de choses p\u00e9rennes et simples, re\u00e7ues avec la vie : la lumi\u00e8re, la nature, les gens, les rencontres&#8230;<\/span><br \/>\n<span style=\"color: #0000ff;\">Je jouis de cela avec une joie chaleureuse qui d\u00e9borde peut-\u00eatre -et qui d\u00e9borde d&rsquo;instinct, car depuis que je sais \u00e9crire je n&rsquo;ai cess\u00e9 d&rsquo;apprivoiser les mots qui me permettaient d&rsquo;\u00e9changer.<\/span><br \/>\n<span style=\"color: #0000ff;\">Ma vie v\u00e9cue, ma vie exprim\u00e9e -ma vie t\u00e9moignante- ne cessent de dire la joie de rencontrer, de comprendre, d&rsquo;\u00e9changer, d&rsquo;y puiser et d&rsquo;y laisser puiser car l&rsquo;osmose r\u00e9v\u00e8le le sens de la vie par la d\u00e9multiplication myst\u00e9rieuse qui s&rsquo;op\u00e8re lorsque la voix et les oreilles \u00e9changent&#8230; (repli\u00e9 sur soi on ne trouve que soi et <strong>ce sont les autres qui \u00e9largissent au go\u00fbt d&rsquo;\u00eatre. On croit recevoir et on donne. <\/strong>Les mercis sont toujours r\u00e9ciproques. On ne tend jamais que ce qu&rsquo;on a re\u00e7u, un peu transmu\u00e9 peut-\u00eatre mais qui transcende ).<\/span><br \/>\n<span style=\"color: #0000ff;\">(&#8230;)<\/span><br \/>\n<span style=\"color: #0000ff;\">&#8230;\u00a0\u00bbJe me souviens avoir dit \u00e0 ma m\u00e8re (qui me l&rsquo;a cent fois r\u00e9p\u00e9t\u00e9) que si la vie avait perdu un sens il fallait en chercher un autre parce que la vie avait un sens.\u00a0<\/span><br \/>\n<span style=\"color: #0000ff;\">J&rsquo;ai eu la chance de savoir cela d&rsquo;instinct. De l&rsquo;avoir su assez petite, dans beaucoup de difficult\u00e9s, pour ne pas le perdre.<\/span><br \/>\n<span style=\"color: #0000ff;\">Je le sais encore \u00e0 cette heure o\u00f9, pour moi, les bruits de la ville s&rsquo;\u00e9loignent et o\u00f9 je me trouve bien, apais\u00e9e, dans la limitation des pas.<\/span><br \/>\n<span style=\"color: #0000ff;\">(&#8230;)<strong>Je t\u00e2che d&rsquo;\u00eatre,<\/strong> de tout mon amour, pour elle et les autres, du c\u00f4t\u00e9 de la vie le plus longtemps possible encore.<\/span><br \/>\n<span style=\"color: #0000ff;\"><strong>Mais je regarde l&rsquo;autre c\u00f4t\u00e9 aussi .<\/strong>\u00a0Je ne me d\u00e9robe pas, je n&rsquo;ai pas envie de me d\u00e9rober. Il est pr\u00e9sent, parlant, tranquille. Il va, comme le tic-tac de l&rsquo;horloge. Il m&rsquo;apprivoise -et c&rsquo;est bon qu&rsquo;il ait la charit\u00e9 d&rsquo;un paisible et long pr\u00e9ambule, de ne pas me surprendre en traitre.\u00a0<\/span><br \/>\n<span style=\"color: #0000ff;\">Il n&rsquo;y a duel entre la Vie et la Mort, il y a glissement patiemment expliqu\u00e9.<\/span><br \/>\n<span style=\"color: #0000ff;\">\u00e7a aussi je voudrais le dire avec des phrases vraies. Le percevoir est une chance encore.\u00a0(Reste, bien s\u00fbr, la peur de ne pas \u00eatre \u00e0 la hauteur dans les souffrances physiques, mais, en fait, j&rsquo;y pense rarement).<\/span><br \/>\n<span style=\"color: #0000ff;\">En attendant tout est intensifi\u00e9, les couleurs, la beaut\u00e9, la tendresse et l&rsquo;urgence des mots : \u00e0 mon \u00e2ge, la vie a couleur de miracle&#8230;<\/span><\/p>\n<p><span style=\"color: #0000ff;\">(&#8230;)<br \/>\nRien n&rsquo;est plus urgent que de vivre intens\u00e9ment ce qui reste \u00e0 vivre, que de jouir encore de la beaut\u00e9, de la tendresse et des mots qui les disent.<br \/>\nEt pour moi Dire, dire, dire, dans des romans encore, dans des ouvrages de tricot qui accueillent les b\u00e9b\u00e9s, dans les gardes des plus petits, dans des terrines familiales&#8230; et dans des lettres qui entrecroisent, loin et vers l&rsquo;inconnu, des trames d&rsquo;amiti\u00e9-qui sont bien plus que ce que je ne saurais dire (dons de mes personnages ?).<br \/>\nJ&rsquo;aime bien s\u00fbr encore <em>mes<\/em> choses(&#8230;) elles me sont b\u00e9quilles. B\u00e9quilles pour le coeur aussi, pour le repos des yeux et par les souvenirs. Elles sont des prolongements de moi-m\u00eame que je regroupe, recr\u00e9e (&#8230;) c&rsquo;est loin d&rsquo;\u00eatre n\u00e9gligeable.<br \/>\nMais <strong>la Joie d&rsquo;\u00eatre encore\u00a0<\/strong>ne me vient pas par mes choses. Elle me vient par les rencontres, par la vie du dehors, par les autres, par l&rsquo;osmose et l&rsquo; \u00e9change des pens\u00e9es et de l&rsquo;amiti\u00e9 qui me conservent cr\u00e9ative.<\/span><\/p>\n<p><span style=\"color: #0000ff;\">Et puisque cette lettre a un petit c\u00f4t\u00e9 de r\u00e9flexion ultime \u00a0-bien que je compte encore sur de nombreux demains- j&rsquo;ajouterai qu&rsquo;il me serait insupportable de sortir de la vie avec le sentiment d&rsquo;avoir mal retransmis, mal t\u00e9moign\u00e9 aupr\u00e8s de qui est en recherche de ce que je cherchais \u00e0 l&rsquo;\u00e2ge de Claire ou au v\u00f4tre.<\/span><br \/>\n<span style=\"color: #0000ff;\"> \u00e7a raterait mon rendez-vous avec la mort, un jour : \u00e7a n&#8217;emp\u00eache pas d&rsquo;aller ni d&rsquo;\u00eatre, \u00e7a ne diminue rien, je le sais maintenant.Bien au contraire.<\/span><\/p>\n<p>&nbsp;<\/p>\n<p><strong><span style=\"color: #ff00ff;\">et ailleurs, adress\u00e9s \u00e0 Clothilde, en Juin 1993 :<\/span><\/strong><\/p>\n<p><span style=\"color: #0000ff;\">C&rsquo;est vrai qu&rsquo;actuellement je suis plus lasse que permis que toutes ces fragilit\u00e9s qui se fragilisent, tous ces d\u00e9clins qui se d\u00e9clinent \u00e0 toute vitesse me donnent l&rsquo;impression de vivre sur un toboggan !<br \/>\nMais je mesure ma chance : ce pr\u00e9 que tu connais, du vert par toutes les fen\u00eatres, du soleil derri\u00e8re tous les volets -certains jours on grille!- des fleurs, des branches.<strong> Et puis, tous les souvenirs de ma vie comme une grande prairie.\u00a0<\/strong>J&rsquo;ai oubli\u00e9 \u00e0 temps les heures dures pour ne me souvenir que de <strong>cette intense joie de vivre\u00a0<\/strong>quia \u00a0anim\u00e9 mon existence, cet amour des gens et des mots, ce d\u00e9sir de compr\u00e9hension et de rencontre qui m&rsquo;a men\u00e9e \u00e0 l&rsquo;\u00e9criture et vers tout ce qui vit et pousse.<\/span><\/p>\n<p>&nbsp;<\/p>\n<p>&nbsp;<\/p>\n","protected":false},"excerpt":{"rendered":"<p>\u00a0*\u00a0 *\u00a0 *\u00a0 *\u00a0 *\u00a0 *\u00a0 *\u00a0 *\u00a0 * en semant semant lettre de\u00a0APJ\u00a0\u00e0 Raymonde et Louis, 6 mars 1996 : Je vous ai souvent dit que mon mot pr\u00e9f\u00e9r\u00e9 \u00e9tait ensemencement. C\u2019est aussi celui de Michel Serres qui l\u2019a dit \u00e0 Bernard Pivot. Sans doute l\u2019ai-je pr\u00e9c\u00e9d\u00e9 dans le choix. J\u2019avais Huit ans lorsque &hellip; <a href=\"https:\/\/asso-annepierjean.fr\/?page_id=195\" class=\"more-link\">Continuer la lecture de <span class=\"screen-reader-text\">\u00ab\u00a0Mon GO\u00dbT d&rsquo;ETRE\u00a0\u00bb<\/span>  <span class=\"meta-nav\">&rarr;<\/span><\/a><\/p>\n","protected":false},"author":1,"featured_media":0,"parent":0,"menu_order":0,"comment_status":"closed","ping_status":"closed","template":"","meta":{"footnotes":""},"_links":{"self":[{"href":"https:\/\/asso-annepierjean.fr\/index.php?rest_route=\/wp\/v2\/pages\/195"}],"collection":[{"href":"https:\/\/asso-annepierjean.fr\/index.php?rest_route=\/wp\/v2\/pages"}],"about":[{"href":"https:\/\/asso-annepierjean.fr\/index.php?rest_route=\/wp\/v2\/types\/page"}],"author":[{"embeddable":true,"href":"https:\/\/asso-annepierjean.fr\/index.php?rest_route=\/wp\/v2\/users\/1"}],"replies":[{"embeddable":true,"href":"https:\/\/asso-annepierjean.fr\/index.php?rest_route=%2Fwp%2Fv2%2Fcomments&post=195"}],"version-history":[{"count":32,"href":"https:\/\/asso-annepierjean.fr\/index.php?rest_route=\/wp\/v2\/pages\/195\/revisions"}],"predecessor-version":[{"id":2351,"href":"https:\/\/asso-annepierjean.fr\/index.php?rest_route=\/wp\/v2\/pages\/195\/revisions\/2351"}],"wp:attachment":[{"href":"https:\/\/asso-annepierjean.fr\/index.php?rest_route=%2Fwp%2Fv2%2Fmedia&parent=195"}],"curies":[{"name":"wp","href":"https:\/\/api.w.org\/{rel}","templated":true}]}}