{"id":193,"date":"2017-01-16T17:03:39","date_gmt":"2017-01-16T16:03:39","guid":{"rendered":"http:\/\/asso-annepierjean.fr\/?page_id=193"},"modified":"2019-08-31T17:42:00","modified_gmt":"2019-08-31T15:42:00","slug":"lepistoliere","status":"publish","type":"page","link":"https:\/\/asso-annepierjean.fr\/?page_id=193","title":{"rendered":"L&rsquo;EPISTOLIERE .."},"content":{"rendered":"<p><span style=\"color: #ff00ff;\"><strong>la rencontre,\u00a0la correspondance,\u00a0le partage,\u00a0l&rsquo;\u00e9change&#8230; ma\u00eetres-mots qui parlent de transmission&#8230; (par Anne G.)<\/strong><\/span><\/p>\n<p><span style=\"line-height: 1.5;\">Anne<span style=\"color: #000080;\"> pierjean le disait : une grande partie de ses journ\u00e9es \u00a0\u00e9tait consacr\u00e9e \u00e0 la lecture de son courrier et \u00a0aux r\u00e9ponses qu&rsquo;elle faisait \u00e0 ses jeunes lecteurs et aux enseignants, biblioth\u00e9caires ou responsables d&rsquo;enfants avec qui elle a correspondu \u00e0 propos de leurs activit\u00e9s avec les enfants.<\/span><\/span><\/p>\n<p><span style=\"color: #000080;\">Elle \u00e9tait heureuse de ce lien avec ces jeunes lecteurs, r\u00e9pondait toujours et s&rsquo;est souvent d\u00e9plac\u00e9e dans les classes ou biblioth\u00e8ques pour r\u00e9pondre \u00e0 leurs questions.<\/span><\/p>\n<p><span style=\"color: #000080;\">Certains ont \u00e9chang\u00e9 longuement avec elle, et elle \u00a0a \u00ab\u00a0accompagn\u00e9\u00a0\u00bb des enfants, qui lui \u00e9crivaient individuellement, \u00a0durant des ann\u00e9es jusqu&rsquo;\u00e0 leur vie adulte voire au-del\u00e0&#8230; heureux de continuer ce dialogue lorsqu&rsquo;ils devenaient parents \u00e0 leur tour.<\/span><\/p>\n<p><span style=\"color: #000080;\">Des enseignants ont choisi ses livres comme livres de lectures ou pour faire travailler les \u00a0\u00e9l\u00e8ves durant une ann\u00e9e scolaire. Cela a occasionn\u00e9 des \u00e9changes r\u00e9guliers, nourris, \u00a0et parfois des \u00ab\u00a0productions\u00a0\u00bb de fin d&rsquo;ann\u00e9e comme un film r\u00e9alis\u00e9 \u00a0par une classe bretonne sur \u00ab\u00a0Steve et le chien sorcier\u00a0\u00bb, comme \u00ab\u00a0l&rsquo;\u00e9cole ronde\u00a0\u00bb qui s&rsquo;est co-\u00e9crit avec une classe primaire de Romans , \u00a0des f\u00eates de fin d&rsquo;ann\u00e9e, \u00a0des recueils de dessins ou des dessins collectifs inspir\u00e9s de ses livres.<\/span><\/p>\n<p><span style=\"color: #000080;\">De nombreux \u00e9crits t\u00e9moignent de ces rencontres et de \u00a0ce qu&rsquo;elle consid\u00e9rait comme faisant partie de son \u00ab\u00a0r\u00f4le\u00a0\u00bb d&rsquo;auteur pour la jeunesse. \u00a0<\/span><br \/>\n<span style=\"color: #000080;\">J&rsquo;en s\u00e9lectionnerai quelques uns que je publierai dans cette page.<\/span><br \/>\n<span style=\"color: #000080;\">Si vous faites partie de ces \u00ab\u00a0jeunes lecteurs\u00a0\u00bbqu&rsquo;elle a pu rencontrer gr\u00e2ce \u00e0 un ma\u00eetre ou un ma\u00eetresse qui avait os\u00e9 lui \u00e9crire et lancer un projet avec elle, racontez-nous !\u00a0<\/span><\/p>\n<p><span style=\"color: #000080;\">\u00a0 \u00a0 \u00a0 \u00a0 \u00a0 \u00a0 \u00a0 \u00a0 \u00a0 \u00a0 \u00a0 \u00a0 \u00a0 \u00a0 \u00a0 \u00a0 \u00a0 \u00a0 \u00a0 \u00a0 \u00a0 \u00a0 \u00a0 \u00a0 \u00a0 \u00a0 \u00a0 \u00a0 \u00a0 \u00a0 \u00a0 \u00a0 \u00a0 \u00a0 \u00a0 \u00a0 \u00a0 \u00a0 \u00a0 \u00a0 \u00a0 \u00a0 \u00a0 \u00a0 \u00a0 \u00a0 \u00a0 \u00a0 \u00a0 \u00a0 \u00a0 \u00a0 \u00a0 \u00a0 \u00a0 \u00a0 \u00a0 \u00a0<span style=\"color: #ff00ff;\"> Anne G<\/span><\/span><\/p>\n<p>* \u00a0 \u00a0 * \u00a0 \u00a0 * \u00a0 \u00a0 \u00a0 * \u00a0 \u00a0* \u00a0 \u00a0 \u00a0 * \u00a0 \u00a0 \u00a0* \u00a0 \u00a0 \u00a0* \u00a0 \u00a0 \u00a0*<\/p>\n<p>&nbsp;<\/p>\n<p><span style=\"color: #ff00ff;\"><strong>Liaisons \u00e9pistolaires <\/strong>(avec des correspondants d\u2019Ingrandes),\u00a028 avril 1991 :<br \/>\nAPJ:<br \/>\n<\/span><\/p>\n<p><span style=\"color: #0000ff;\">Bien chers tous \u00e0 l\u2019Atelier,<\/span><br \/>\n<span style=\"color: #0000ff;\">Je re\u00e7ois vos \u00ab\u00a0liaisons bleues\u00a0\u00bb (\u2026.).<\/span><br \/>\n<span style=\"color: #0000ff;\">Dans ma grande maison et ses quatre horizons (tiens, c\u2019est un alexandrin avec c\u00e9sure classique!), donc, dans ma grande maison o\u00f9 quatre bureaux s\u2019encadrent \u00e0 quatre fen\u00eatres pour un soleil permanent, je relis les \u00ab\u00a0liaisons\u00a0\u00bb une troisi\u00e8me fois et je vous r\u00e9ponds dans un rayon de soleil (fen\u00eatre ouest, c\u2019est le soir!).<\/span><br \/>\n<span style=\"color: #0000ff;\">Je ne suis pas d\u2019accord avec tous vos po\u00e8tes. Mais j\u2019en aime beaucoup. J\u2019aime le po\u00e8te qui est po\u00e8te parce qu\u2019il ne peut pa<\/span><span style=\"color: #0000ff;\">s faire autrement, qu\u2019il a assez de mots et d\u2019images \u00e0 mettre en commun pour que le lecteur le sente po\u00e8te.<\/span><br \/>\n<span style=\"color: #0000ff;\">J\u2019aime moins la po\u00e9sie qui s\u2019est transform\u00e9e en activit\u00e9.<\/span><br \/>\n<span style=\"color: #0000ff;\">Mais vous le savez maintenant, je suis <strong>une vieille dame incorrigible amoureuse des mots \u00e0 l\u2019emporte-vie.\u00a0<\/strong>Qu\u2019ils soient prose ou vers \u00e7a ne change rien, c\u2019est l\u2019image qui m\u2019alerte, color\u00e9e, sonore, c\u2019est le filigrane qui me retient dans les mots, c\u2019est l\u2019impalpable pollen qui m\u2019est po\u00e9sie, et il peut pleuvoir de n\u2019importe quoi.<\/span><br \/>\n<span style=\"color: #0000ff;\">J\u2019esp\u00e8re que vous allez recevoir beaucoup de r\u00e9ponses et beaucoup de compr\u00e9hension pour une revue qui d\u00e9passe de beaucoup le\u00a0<strong>journal scolaire.<\/strong> (\u2026)<\/span><\/p>\n<p><span style=\"color: #ff00ff;\"><strong>Lettre \u00e0 Patrick<\/strong> (chanteur) du 2 novembre 1992:<\/span><\/p>\n<p><span style=\"color: #0000ff;\">En 1930 environ, cette m\u00e9m\u00e9e l\u00e0 avait de la peine, une peine\u2026 historique. Issue d\u2019une longue lign\u00e9e de m\u00e9m\u00e9es conteuses, elle \u00e9tait la premi\u00e8re \u00e0 devoir conter en fran\u00e7ais, \u00e0 cause de l\u2019instituteur, de nos parents qui nous parlaient fran\u00e7ais s\u2019ils se parlaient patois.<\/span><br \/>\n<span style=\"color: #0000ff;\">Elle disait mis\u00e8re de mis\u00e8re, ce que \u00e7a devient en fran\u00e7ais! Tiens \u00e7a m\u2019enl\u00e8ve l\u2019envie de dire !\u2026<\/span><\/p>\n<p><span style=\"color: #0000ff;\">Heureusement, elle contait quand m\u00eame.<\/span><br \/>\n<span style=\"color: #0000ff;\">Heureusement encore, le fran\u00e7ais elle ne le savait gu\u00e8re et le patois pointait partout, surtout aux moments intenses, et c\u2019\u00e9tait une griserie pour nous qui entendions bien \u00a0le patois et recevions la continuit\u00e9 du conte dans le temps.<\/span><br \/>\n<span style=\"color: #0000ff;\">heureusement, de surcro\u00eet, elle refusait de dire autrement qu\u2019en patois Phil\u00e9mon et Beaucis, Abelard et H\u00e9lo\u00efse et deux ou trois autres: \u00e7a n\u2019aurait pas pu passer!<\/span><br \/>\n<span style=\"color: #0000ff;\">Elle baissait la voix. L\u2019histoire (et le patois) \u00e9taient un secret entre nous. On pleurait pour les h\u00e9ros, on pleurait pour le patois. Ce n\u2019est pas possible d\u2019oublier ces choses quand on \u00a0conte \u00e0 son tour (et qu\u2019on \u00e9crit ce qu\u2019on conte).<\/span><br \/>\n<span style=\"color: #0000ff;\">Apr\u00e8s, elle me disait en fran\u00e7ais :<\/span><br \/>\n<span style=\"color: #0000ff;\">je peux pas, tu le comprends, te dire \u00e7a en fran\u00e7ais ! \u00ab\u00a0sarem devingu rin !\u00a0\u00bb (pardon je ne sais pas \u00e9crire mon patois\u2026 \u00ab\u00a0ce serait devenu rien\u00bb).<\/span><br \/>\n<span style=\"color: #0000ff;\">J\u2019ai presque une larme en vous contant cela.<\/span><br \/>\n<span style=\"color: #0000ff;\">Beaucoup plus tard, elle bien vieille, je lui ai lu Paul et Louise.<\/span><br \/>\n<span style=\"color: #0000ff;\">Elle \u00e9coutait les yeux clos.<\/span><br \/>\n<span style=\"color: #0000ff;\">Si je m\u2019arr\u00eatais elle me disait \u00ab\u00a0continue\u00a0\u00bb.<\/span><br \/>\n<span style=\"color: #0000ff;\">A la fin, elle m\u2019a dit deux choses que je vous r\u00e9p\u00e8te, Patric, \u00e0 vous qui avez l\u2019\u00e2ge de mes fils et continuerez :\u00a0<\/span><br \/>\n<span style=\"color: #0000ff;\">ai bien parla..<\/span><br \/>\n<span style=\"color: #0000ff;\">puis elle a compl\u00e9t\u00e9 dans son compromis de fran\u00e7ais \u00e0 elle :<\/span><br \/>\n<span style=\"color: #0000ff;\">si ton parler garde son panc de mai du pais, a pourra fare. Garde te. Car mai d\u2019un chantaran de bigord, maintenant.<\/span><br \/>\n<span style=\"color: #0000ff;\">Pardon encore, je ne peux traduire en occitan ne sachant pas l\u2019\u00e9crire, et je crois que mon patois je ne l\u2019ai jamais vu \u00e9crit. Mais comment vous transmettre autrement le message? En fran\u00e7ais, m\u00eame le meilleur, il n\u2019entrerait pas aussi bien en vous.<\/span><\/p>\n<p><span style=\"color: #ff00ff;\"><strong>lettre \u00e0 Marc Soriano<\/strong>, 19 d\u00e9cembre 1992:<\/span><\/p>\n<p><span style=\"color: #0000ff;\">(&#8230;) toutes ces lettres que le facteur noue quotidiennement \u00e0 ma grille -\u00e0 ma plume &#8211; aimantation des mots : un jour, un fil inconnu s&rsquo;accroche \u00e0 mes pages (&#8230;) et le courrier prolonge, personnalise<\/span><span style=\"color: #0000ff;\">\u00a0, \u00e0 volont\u00e9, \u00e0 besoin, \u00e0 tendresse&#8230;.<br \/>\nque de bouts de route ensemble qui souvent perdurent&#8230; que de profils de route amorc\u00e9s, non pas hors-livre mais la lettre dans son aura \u00a0&#8211;ma lettre, celle du facteur, qu&rsquo;on emporte avec son quotidien et qui tisse un bout entre parents, copains et profs : celle qui met un peu d&rsquo;or \u00e0 la tranche du livre et ins\u00e8re entre les pages un battement de coeur unique parce que de chair&#8230;<br \/>\n(&#8230;)<br \/>\nchaque soir, passent devant mes yeux les visages au loin que j&rsquo;aime et je m&rsquo;attarde pr\u00e8s de chacun.<br \/>\nEntre pens\u00e9e et sommeil, le corps lav\u00e9 du jour et l&rsquo;\u00e2me rassembl\u00e9e, orante sans pri\u00e8re qui repasse et \u00e9gr\u00e8ne ses gestes quotidiens et sait, comme une \u00e9vidence, que le d\u00e9sir de vivre avec les autres\u00a0(par et pour) est le seul hymne que le ciel reconnaisse, le seul psaume , parce qu&rsquo;exhalaison unique, de soi \u00e0 soi, de soi \u00e0 l&rsquo;absolu de soi, celle-l\u00e0 et pas une autre, que vous m&rsquo;enseignez Marc. (&#8230;).<br \/>\nAvec le Testamour in\u00e9puisable je vous parle, le soir.<\/span><\/p>\n<p>&nbsp;<\/p>\n","protected":false},"excerpt":{"rendered":"<p>la rencontre,\u00a0la correspondance,\u00a0le partage,\u00a0l&rsquo;\u00e9change&#8230; ma\u00eetres-mots qui parlent de transmission&#8230; (par Anne G.) Anne pierjean le disait : une grande partie de ses journ\u00e9es \u00a0\u00e9tait consacr\u00e9e \u00e0 la lecture de son courrier et \u00a0aux r\u00e9ponses qu&rsquo;elle faisait \u00e0 ses jeunes lecteurs et aux enseignants, biblioth\u00e9caires ou responsables d&rsquo;enfants avec qui elle a correspondu \u00e0 propos de &hellip; <a href=\"https:\/\/asso-annepierjean.fr\/?page_id=193\" class=\"more-link\">Continuer la lecture de <span class=\"screen-reader-text\">L&rsquo;EPISTOLIERE ..<\/span>  <span class=\"meta-nav\">&rarr;<\/span><\/a><\/p>\n","protected":false},"author":1,"featured_media":0,"parent":0,"menu_order":0,"comment_status":"closed","ping_status":"closed","template":"","meta":{"footnotes":""},"_links":{"self":[{"href":"https:\/\/asso-annepierjean.fr\/index.php?rest_route=\/wp\/v2\/pages\/193"}],"collection":[{"href":"https:\/\/asso-annepierjean.fr\/index.php?rest_route=\/wp\/v2\/pages"}],"about":[{"href":"https:\/\/asso-annepierjean.fr\/index.php?rest_route=\/wp\/v2\/types\/page"}],"author":[{"embeddable":true,"href":"https:\/\/asso-annepierjean.fr\/index.php?rest_route=\/wp\/v2\/users\/1"}],"replies":[{"embeddable":true,"href":"https:\/\/asso-annepierjean.fr\/index.php?rest_route=%2Fwp%2Fv2%2Fcomments&post=193"}],"version-history":[{"count":11,"href":"https:\/\/asso-annepierjean.fr\/index.php?rest_route=\/wp\/v2\/pages\/193\/revisions"}],"predecessor-version":[{"id":1965,"href":"https:\/\/asso-annepierjean.fr\/index.php?rest_route=\/wp\/v2\/pages\/193\/revisions\/1965"}],"wp:attachment":[{"href":"https:\/\/asso-annepierjean.fr\/index.php?rest_route=%2Fwp%2Fv2%2Fmedia&parent=193"}],"curies":[{"name":"wp","href":"https:\/\/api.w.org\/{rel}","templated":true}]}}