{"id":184,"date":"2017-01-16T16:56:57","date_gmt":"2017-01-16T15:56:57","guid":{"rendered":"http:\/\/asso-annepierjean.fr\/?page_id=184"},"modified":"2021-03-30T22:40:51","modified_gmt":"2021-03-30T20:40:51","slug":"bibliographie","status":"publish","type":"page","link":"https:\/\/asso-annepierjean.fr\/?page_id=184","title":{"rendered":"BIBLIOGRAPHIE"},"content":{"rendered":"<h2><span style=\"color: #0000ff;\">\u00a0 \u00a0 \u00a0 \u00a0 \u00a0 \u00a0 \u00a0 \u00a0 \u00a0 \u00a0 \u00a0 \u00a0 \u00a0 \u00a0 \u00a0 \u00a0 \u00a0 \u00a0 \u00a0 \u00a0 \u00a0 <span style=\"color: #ff00ff;\">Bibliographie<\/span><\/span><\/h2>\n<p><span style=\"color: #0000ff;\">Liste des oeuvres d&rsquo;Anne Pierjean<\/span><\/p>\n<h3><span style=\"color: #ff00ff;\"><b>Les romans<\/b><\/span><\/h3>\n<p><span style=\"color: #0000ff;\">Mon cousin Luc (1966)<\/span><br \/>\n<span style=\"color: #0000ff;\">Une maman pour Jill (1967)<\/span><br \/>\n<span style=\"color: #0000ff;\">Belle et Toni de nulle part (1968)<\/span><br \/>\n<span style=\"color: #0000ff;\">L&rsquo;innocente (1969)<\/span><br \/>\n<span style=\"color: #0000ff;\">Malouguette et la chatte rouge (1969)<\/span><br \/>\n<span style=\"color: #0000ff;\">Steve et le chien Sorcier (1970)<\/span><br \/>\n<span style=\"color: #0000ff;\">David et Sylvie au dr\u00f4le de pays (1971)<\/span><br \/>\n<span style=\"color: #0000ff;\">Marika (1972)<\/span><br \/>\n<span style=\"color: #0000ff;\">David et Sylvie et le dr\u00f4le d&rsquo;espion (1972)<\/span><br \/>\n<span style=\"color: #0000ff;\">La maison du pr\u00e9 sans barri\u00e8re (1973)<\/span><br \/>\n<span style=\"color: #0000ff;\">La demoiselle de Blachaux (1973)<\/span><br \/>\n<span style=\"color: #0000ff;\">David et l&rsquo;ennemi de Sylvie (1973)<\/span><br \/>\n<span style=\"color: #0000ff;\">Le village qui n&rsquo;avait pas d&rsquo;enfants (1973)<\/span><br \/>\n<span style=\"color: #0000ff;\">Cadiche et Claudinet (1974)<\/span><br \/>\n<span style=\"color: #0000ff;\">L&rsquo;\u00e9cole ronde (1974)<\/span><br \/>\n<span style=\"color: #0000ff;\">Des ennuis Julien ? (1974)<\/span><br \/>\n<span style=\"color: #0000ff;\">Des b\u00eates pour Nane (1975)<\/span><br \/>\n<span style=\"color: #0000ff;\">Paul et Louise (1975)<\/span><br \/>\n<span style=\"color: #0000ff;\">Cher Monsieur B\u00e9gonia (1976)<\/span><br \/>\n<span style=\"color: #0000ff;\">Judith et l&rsquo;Ey-vive (1976)<\/span><br \/>\n<span style=\"color: #0000ff;\">Un \u00e9pouvantail pour Catie et Marc (1976)<\/span><br \/>\n<span style=\"color: #0000ff;\">Cabriole et Claudinet (1977)<\/span><br \/>\n<span style=\"color: #0000ff;\">Lo\u00efse en sabots (1977)<\/span><br \/>\n<span style=\"color: #0000ff;\">Un myst\u00e8re chez Claudinet (1977)<\/span><br \/>\n<span style=\"color: #0000ff;\">Les b\u00eates de Nane et l&rsquo;ami Mathieu(1978)<\/span><br \/>\n<span style=\"color: #0000ff;\">Saute-Caruche (1978)<\/span><br \/>\n<span style=\"color: #0000ff;\">Nane, Mathieu et le clan (1980)<\/span><br \/>\n<span style=\"color: #0000ff;\">Nane, les grands-p\u00e8res et le voleur (1983)<\/span><br \/>\n<span style=\"color: #0000ff;\">Le temps de Julie (1987)<\/span><br \/>\n<span style=\"color: #0000ff;\">Les trois louis d&rsquo;or de Maria (1988)<\/span><br \/>\n<span style=\"color: #0000ff;\">Le rosier blanc d&rsquo;Aur\u00e9lie (1992)<\/span><br \/>\n<span style=\"color: #0000ff;\">Jean de bise (1993)<\/span><\/p>\n<p><span style=\"color: #0000ff;\">L&rsquo;instant exact (2002)<\/span><br \/>\n<span style=\"color: #0000ff;\">La sente termini\u00e8re (2010,\u00a0<em>\u00a0posthume)<\/em><\/span><\/p>\n<h3><span style=\"color: #ff00ff;\"><strong>Les albums et contes<\/strong><\/span><\/h3>\n<p><span style=\"color: #0000ff;\"><strong>sous le nom de Marie-Louise Grangeon :<\/strong><br \/>\nSylviane, la petite fille qui avait tout (1965)<\/span><span style=\"color: #0000ff;\"><br \/>\nGuilou, \u00a0le petit homme au sabre de bois (1966)<br \/>\nGuilou s&rsquo;en va-t-en-guerre (1968)<\/span><\/p>\n<p><span style=\"color: #0000ff;\"><strong>Sous le nom d&rsquo;Anne Pierjean<br \/>\n<\/strong>Le plus bel oeuf de P\u00e2ques (1966)<br \/>\n<\/span><span style=\"color: #0000ff;\">Le plus \u00e9l\u00e9gant des canetons (1969)<\/span><br \/>\n<span style=\"color: #0000ff;\">Le plus \u00e9tourdi des ch\u00e2tons (1970)<\/span><br \/>\n<span style=\"color: #0000ff;\">Luron-Luret, le petit chat qui voulait se marier (1971)<\/span><br \/>\n<span style=\"color: #0000ff;\">Deux enfants pour Luron-Luret (1972)<\/span><br \/>\n<span style=\"color: #0000ff;\">Qui a vol\u00e9 trois poils \u00e0 l&rsquo;\u00e9cureuil ? (1972)<\/span><br \/>\n<span style=\"color: #0000ff;\">Luron-Lurette \u00e0 l&rsquo;\u00e9cole de Monsieur Chien (1973)<\/span><br \/>\n<span style=\"color: #0000ff;\">Le chat qui voulait des bottes (1974<\/span><\/p>\n<h5 style=\"text-align: center;\"><span style=\"color: #0000ff;\"><strong><span style=\"text-decoration: underline;\"><span style=\"color: #ff6600; text-decoration: underline;\">De nombreux Prix litt\u00e9raires \u00a0lui ont \u00e9t\u00e9 attribu\u00e9s<\/span><br \/>\n<a href=\"https:\/\/asso-annepierjean.fr\/?p=1156\" target=\"_blank\" rel=\"noopener\">(pour voir la liste: cliquez)<\/a><\/span><\/strong><\/span><\/h5>\n<p><span style=\"color: #0000ff;\"><em>(dont celui du Salon de L&rsquo;enfance en 1972 pour Marika)<\/em><\/span><\/p>\n<p><span style=\"color: #0000ff;\">S&rsquo;en sont suivi de nombreuses traductions , voil\u00e0 ce qu&rsquo;elle en \u00e9crit en 92 :<br \/>\nA chaque prix re\u00e7u on m&rsquo;a propos\u00e9 des s\u00e9ries \u00e0 cadences \u00e9ditoriales. Chaque fois j&rsquo;ai expliqu\u00e9 que ma joie d&rsquo;\u00e9crire \u00e9tait mon moteur et celui du livre, que je n&rsquo;en voudrai jamais d&rsquo;autres&#8230; comment assigner des heures \u00e0 des jaillissements ?<br \/>\nJ&rsquo;ai expliqu\u00e9 aussi que, sinon, il n&rsquo;y aurait pas ce petit miracle qui fait que \u00ab\u00a0\u00e7a passe\u00a0\u00bb.<br \/>\nM\u00eame \u00a0\u00e0 voix douce ou de berceuse, il faut que la cr\u00e9ation soit cri\u00e9e.<br \/>\nChacun a sa fa\u00e7on de matricer le cri.<br \/>\nJe parle \u00e0 des enfants. Mon ventre est concern\u00e9 plus encore que mes tripes. Peut-on dire une voix ut\u00e9rine ?<br \/>\nMais le fleuron du fleuron de ma Jjoie *c&rsquo;est que ma trilogie sera bient\u00f4t -ou est d\u00e9j\u00e0?- \u00a0en catalan, que le Temps de Julie sera en grec.<br \/>\njuste par la rencontre de mes mots le catalan a reconnu mon \u00ab\u00a0Sud\u00a0\u00bb dauphinois&#8230; Le grec a reconnu ma r\u00e9sistance dauphinoise&#8230; Je suis bien s\u00fbre que vous sentez l&rsquo;absolu de ma Jjoie , une joie que l&rsquo;Am\u00e9rique n&rsquo;aurait pu m&rsquo;offrir.<\/span><\/p>\n<p><span style=\"color: #0000ff;\">* Jjoie, j&rsquo;ai l&rsquo;habitude de lui mettre deux J : Joie, Jubilation. c&rsquo;est celle de la cr\u00e9ation.\u00a0<\/span><\/p>\n<h2><span style=\"color: #0000ff;\"> \u00a0 \u00a0 \u00a0 \u00a0 \u00a0 \u00a0 \u00a0 \u00a0 \u00a0 \u00a0 <span style=\"color: #ff00ff;\">Ecrits autour de son oeuvre<\/span><\/span><\/h2>\n<pre><span style=\"color: #000080;\">Nous recensons les \u00e9crits autour de son oeuvre, articles, m\u00e9moires d'\u00e9tudes, critiques et autres.<\/span><\/pre>\n<p><span style=\"color: #ff00ff;\"><strong><span style=\"text-decoration: underline;\"><a style=\"color: #ff00ff; text-decoration: underline;\" href=\"https:\/\/asso-annepierjean.fr\/wp-content\/uploads\/2017\/01\/Anne-PierJean.pdf\" target=\"_blank\" rel=\"noopener noreferrer\">Fran\u00e7oise BOTTINO <\/a><\/span><\/strong><\/span>&#8211; ENSB\u00a0 (<em>m\u00e9moire de fin d&rsquo;\u00e9tudes<\/em>)<\/p>\n<p><strong><span style=\"color: #00ff00;\"><span style=\"color: #ff00ff;\"><a style=\"color: #ff00ff;\" href=\"https:\/\/asso-annepierjean.fr\/wp-content\/uploads\/2017\/01\/alain-nesme.jpg\" target=\"_blank\" rel=\"noopener noreferrer\"><span style=\"text-decoration: underline;\">Alain NESME<\/span><\/a><\/span>\u00a0<\/span><\/strong>&#8211; Un jour, un de mes descendants&#8230;\u00a0 fragments d&rsquo;une biographie imaginaire d&rsquo;Anne PierJean<\/p>\n<p><span style=\"color: #ff99cc;\"><strong><span style=\"color: #ff00ff;\">Louis PIETERS<\/span><\/strong>\u00a0<\/span> &#8211; Vivre le livre &#8211; Actual Quarto &#8211; La presse \u00e0 l&rsquo;\u00e9cole<\/p>\n<p><span style=\"color: #ff00ff; text-decoration: underline;\"><a style=\"color: #ff00ff; text-decoration: underline;\" href=\"https:\/\/asso-annepierjean.fr\/wp-content\/uploads\/2017\/01\/le-gout-d-etre-002.jpg\" target=\"_blank\" rel=\"noopener noreferrer\"><strong>Gallia VALETTE-PILENKO<\/strong><\/a>\u00a0<\/span>&#8211;\u00a0le gout d\u2019\u00eatre, \u00a0article de 2002 &#8211; livre &amp; lire<\/p>\n<h6><span style=\"color: #333399;\"><span style=\"color: #ff00ff;\">Elisabeth\u00a0\u00a0VORREPE<strong><span style=\"color: #000000;\"> &#8211;<\/span><span style=\"color: #000000;\">\u00a0<\/span><span style=\"color: #000000;\">la ferveur d&rsquo;\u00e9crire, module d&rsquo;enseignement \u00e0 l&rsquo;Universit\u00e9 populaire du val de Dr\u00f4me, en 2016<\/span><\/strong><\/span><\/span><\/h6>\n<pre><span class=\"Apple-style-span\" style=\"color: #3366ff;\">\u00a0<\/span><\/pre>\n","protected":false},"excerpt":{"rendered":"<p>\u00a0 \u00a0 \u00a0 \u00a0 \u00a0 \u00a0 \u00a0 \u00a0 \u00a0 \u00a0 \u00a0 \u00a0 \u00a0 \u00a0 \u00a0 \u00a0 \u00a0 \u00a0 \u00a0 \u00a0 \u00a0 Bibliographie Liste des oeuvres d&rsquo;Anne Pierjean Les romans Mon cousin Luc (1966) Une maman pour Jill (1967) Belle et Toni de nulle part (1968) L&rsquo;innocente (1969) Malouguette et la chatte rouge (1969) Steve et &hellip; <a href=\"https:\/\/asso-annepierjean.fr\/?page_id=184\" class=\"more-link\">Continuer la lecture de <span class=\"screen-reader-text\">BIBLIOGRAPHIE<\/span>  <span class=\"meta-nav\">&rarr;<\/span><\/a><\/p>\n","protected":false},"author":1,"featured_media":0,"parent":0,"menu_order":0,"comment_status":"closed","ping_status":"closed","template":"","meta":{"footnotes":""},"_links":{"self":[{"href":"https:\/\/asso-annepierjean.fr\/index.php?rest_route=\/wp\/v2\/pages\/184"}],"collection":[{"href":"https:\/\/asso-annepierjean.fr\/index.php?rest_route=\/wp\/v2\/pages"}],"about":[{"href":"https:\/\/asso-annepierjean.fr\/index.php?rest_route=\/wp\/v2\/types\/page"}],"author":[{"embeddable":true,"href":"https:\/\/asso-annepierjean.fr\/index.php?rest_route=\/wp\/v2\/users\/1"}],"replies":[{"embeddable":true,"href":"https:\/\/asso-annepierjean.fr\/index.php?rest_route=%2Fwp%2Fv2%2Fcomments&post=184"}],"version-history":[{"count":32,"href":"https:\/\/asso-annepierjean.fr\/index.php?rest_route=\/wp\/v2\/pages\/184\/revisions"}],"predecessor-version":[{"id":2365,"href":"https:\/\/asso-annepierjean.fr\/index.php?rest_route=\/wp\/v2\/pages\/184\/revisions\/2365"}],"wp:attachment":[{"href":"https:\/\/asso-annepierjean.fr\/index.php?rest_route=%2Fwp%2Fv2%2Fmedia&parent=184"}],"curies":[{"name":"wp","href":"https:\/\/api.w.org\/{rel}","templated":true}]}}