{"id":182,"date":"2017-01-16T16:53:43","date_gmt":"2017-01-16T15:53:43","guid":{"rendered":"http:\/\/asso-annepierjean.fr\/?page_id=182"},"modified":"2021-03-22T21:00:39","modified_gmt":"2021-03-22T20:00:39","slug":"portrait","status":"publish","type":"page","link":"https:\/\/asso-annepierjean.fr\/?page_id=182","title":{"rendered":"PORTRAIT"},"content":{"rendered":"<p>portrait article de 2002 : livre &amp; lire : le gout d&rsquo;\u00eatre\u00a0de Gallia Valette-Pilenko (article \u00e0 ins\u00e9rer dans sa totalit\u00e9 )<\/p>\n<p>&nbsp;<\/p>\n<p><span style=\"color: #0000ff;\"><span class=\"st\"><strong>Anne Pierjean<\/strong>, de son vrai nom :<br \/>\n<strong>Marie-Louise Robert<\/strong> \u00e9pouse <strong>Grangeon,<\/strong><br \/>\n<\/span><span class=\"st\"> n\u00e9e le 6 mars 1921 \u00e0 Ch\u00e2teauneuf-de-Galaure (Dr\u00f4me)<br \/>\n<\/span><span class=\"st\">a pass\u00e9 son enfance \u00e0 Saint-Avit (Dr\u00f4me)<br \/>\na v\u00e9cu notamment \u00e0 Crest (Dr\u00f4me)<br \/>\n<\/span><span class=\"st\">et est d\u00e9c\u00e9d\u00e9e le 25 janvier 2003\u00a0\u00e0 Crest<\/span><\/span><\/p>\n<p>biographie<\/p>\n<p><em>\u00a0pour l&rsquo;instant cf wikip\u00e9dia, modif propos\u00e9es<\/em><\/p>\n<p>&nbsp;<\/p>\n<p style=\"text-align: center;\"><a href=\"https:\/\/asso-annepierjean.fr\/?attachment_id=832\" rel=\"attachment wp-att-832\"><img decoding=\"async\" loading=\"lazy\" class=\"aligncenter wp-image-832 size-large\" src=\"https:\/\/asso-annepierjean.fr\/wp-content\/uploads\/2017\/04\/IMG_3080-1000x750.jpg\" alt=\"\" width=\"474\" height=\"356\" srcset=\"https:\/\/asso-annepierjean.fr\/wp-content\/uploads\/2017\/04\/IMG_3080-1000x750.jpg 1000w, https:\/\/asso-annepierjean.fr\/wp-content\/uploads\/2017\/04\/IMG_3080-300x225.jpg 300w, https:\/\/asso-annepierjean.fr\/wp-content\/uploads\/2017\/04\/IMG_3080-768x576.jpg 768w\" sizes=\"(max-width: 474px) 100vw, 474px\" \/><\/a><\/p>\n","protected":false},"excerpt":{"rendered":"<p>portrait article de 2002 : livre &amp; lire : le gout d&rsquo;\u00eatre\u00a0de Gallia Valette-Pilenko (article \u00e0 ins\u00e9rer dans sa totalit\u00e9 ) &nbsp; Anne Pierjean, de son vrai nom : Marie-Louise Robert \u00e9pouse Grangeon, n\u00e9e le 6 mars 1921 \u00e0 Ch\u00e2teauneuf-de-Galaure (Dr\u00f4me) a pass\u00e9 son enfance \u00e0 Saint-Avit (Dr\u00f4me) a v\u00e9cu notamment \u00e0 Crest (Dr\u00f4me) et &hellip; <a href=\"https:\/\/asso-annepierjean.fr\/?page_id=182\" class=\"more-link\">Continuer la lecture de <span class=\"screen-reader-text\">PORTRAIT<\/span>  <span class=\"meta-nav\">&rarr;<\/span><\/a><\/p>\n","protected":false},"author":1,"featured_media":0,"parent":0,"menu_order":0,"comment_status":"closed","ping_status":"closed","template":"","meta":{"footnotes":""},"_links":{"self":[{"href":"https:\/\/asso-annepierjean.fr\/index.php?rest_route=\/wp\/v2\/pages\/182"}],"collection":[{"href":"https:\/\/asso-annepierjean.fr\/index.php?rest_route=\/wp\/v2\/pages"}],"about":[{"href":"https:\/\/asso-annepierjean.fr\/index.php?rest_route=\/wp\/v2\/types\/page"}],"author":[{"embeddable":true,"href":"https:\/\/asso-annepierjean.fr\/index.php?rest_route=\/wp\/v2\/users\/1"}],"replies":[{"embeddable":true,"href":"https:\/\/asso-annepierjean.fr\/index.php?rest_route=%2Fwp%2Fv2%2Fcomments&post=182"}],"version-history":[{"count":9,"href":"https:\/\/asso-annepierjean.fr\/index.php?rest_route=\/wp\/v2\/pages\/182\/revisions"}],"predecessor-version":[{"id":2359,"href":"https:\/\/asso-annepierjean.fr\/index.php?rest_route=\/wp\/v2\/pages\/182\/revisions\/2359"}],"wp:attachment":[{"href":"https:\/\/asso-annepierjean.fr\/index.php?rest_route=%2Fwp%2Fv2%2Fmedia&parent=182"}],"curies":[{"name":"wp","href":"https:\/\/api.w.org\/{rel}","templated":true}]}}