{"id":1138,"date":"2017-05-17T16:42:27","date_gmt":"2017-05-17T14:42:27","guid":{"rendered":"http:\/\/asso-annepierjean.fr\/?page_id=1138"},"modified":"2017-10-11T08:12:06","modified_gmt":"2017-10-11T06:12:06","slug":"liens","status":"publish","type":"page","link":"https:\/\/asso-annepierjean.fr\/?page_id=1138","title":{"rendered":"LIENS"},"content":{"rendered":"<h6><span style=\"color: #2900ff;\"><span style=\"text-decoration: underline;\"><span style=\"color: #008000;\"><a style=\"color: #008000; text-decoration: underline;\" href=\"http:\/\/clcailleau.unblog.fr\" target=\"_blank\" rel=\"noopener noreferrer\">Claude Cailleau:<br \/>\n<\/a><\/span><\/span><\/span><span style=\"color: #0000ff; font-size: 16px; font-weight: 400; line-height: 1.5;\"><strong>clcailleau.unblog.fr<\/strong><br \/>\n<\/span><strong><span style=\"color: #2900ff; line-height: inherit;\">Auteur qui a \u00e9chang\u00e9 avec Anne Pierjean<\/span><\/strong><\/h6>\n<h6><strong><span style=\"color: #008000;\">Compagnie de th\u00e9\u00e2tre ZAZIE7<br \/>\n<\/span><\/strong><strong><span style=\"color: #008000;\"><span style=\"color: #0000ff;\">http:\/\/zazie7.tk<\/span><\/span><\/strong><\/h6>\n<h6><strong><span style=\"color: #008000;\">Association Atelier des Pixels<br \/>\n<\/span><\/strong><strong style=\"line-height: inherit;\"><span style=\"color: #0000ff;\">Facebook Etienne Legay\u00a0<\/span><\/strong><\/h6>\n<p>&nbsp;<\/p>\n","protected":false},"excerpt":{"rendered":"<p>Claude Cailleau: clcailleau.unblog.fr Auteur qui a \u00e9chang\u00e9 avec Anne Pierjean Compagnie de th\u00e9\u00e2tre ZAZIE7 http:\/\/zazie7.tk Association Atelier des Pixels Facebook Etienne Legay\u00a0 &nbsp;<\/p>\n","protected":false},"author":1,"featured_media":0,"parent":0,"menu_order":0,"comment_status":"closed","ping_status":"closed","template":"","meta":{"footnotes":""},"_links":{"self":[{"href":"https:\/\/asso-annepierjean.fr\/index.php?rest_route=\/wp\/v2\/pages\/1138"}],"collection":[{"href":"https:\/\/asso-annepierjean.fr\/index.php?rest_route=\/wp\/v2\/pages"}],"about":[{"href":"https:\/\/asso-annepierjean.fr\/index.php?rest_route=\/wp\/v2\/types\/page"}],"author":[{"embeddable":true,"href":"https:\/\/asso-annepierjean.fr\/index.php?rest_route=\/wp\/v2\/users\/1"}],"replies":[{"embeddable":true,"href":"https:\/\/asso-annepierjean.fr\/index.php?rest_route=%2Fwp%2Fv2%2Fcomments&post=1138"}],"version-history":[{"count":10,"href":"https:\/\/asso-annepierjean.fr\/index.php?rest_route=\/wp\/v2\/pages\/1138\/revisions"}],"predecessor-version":[{"id":1354,"href":"https:\/\/asso-annepierjean.fr\/index.php?rest_route=\/wp\/v2\/pages\/1138\/revisions\/1354"}],"wp:attachment":[{"href":"https:\/\/asso-annepierjean.fr\/index.php?rest_route=%2Fwp%2Fv2%2Fmedia&parent=1138"}],"curies":[{"name":"wp","href":"https:\/\/api.w.org\/{rel}","templated":true}]}}